{"id":2885,"date":"2015-02-11T21:22:23","date_gmt":"2015-02-11T21:22:23","guid":{"rendered":"http:\/\/riotax.wpengine.com\/?page_id=2885"},"modified":"2023-01-18T22:25:10","modified_gmt":"2023-01-18T22:25:10","slug":"prestamos-de-impuestos-sobre-la-propiedad-comercial","status":"publish","type":"page","link":"https:\/\/www.riotax.com\/es\/prestamos-de-impuestos-sobre-la-propiedad-comercial","title":{"rendered":"Pr\u00e9stamos de impuestos sobre la propiedad comercial"},"content":{"rendered":"<h1><strong>Pr\u00e9stamos de impuestos sobre la propiedad comercial de Texas<\/strong><\/h1>\n<p>Los due\u00f1os de propiedades comerciales pagan algunos de los impuestos m\u00e1s altos de la naci\u00f3n. En la econom\u00eda actual, podr\u00eda ser dif\u00edcil realizar el pago global de una deuda tributaria. Las sanciones por los impuestos sobre la propiedad no pagados son espeluznantes, ascienden al 47% en tan solo el primer a\u00f1o, y si no son controlados, puede afrontar miles de d\u00f3lares en sanciones e intereses. Comprendemos que este dinero es necesario para expandir su negocio. Afortunadamente, ofrecemos soluciones para estos problemas.<\/p>\n<h2>Soluciones de impuestos sobre la propiedad<\/h2>\n<p>Rio Tax paga sus impuestos sobre la propiedad directamente al condado para resolver sus problemas con los impuestos sobre la propiedad. Personalizamos nuestros programas de financiamiento para abordar las necesidades espec\u00edficas de los due\u00f1os de propiedades comerciales a lo largo de Texas. Al reestructurar sus pagos tributarios con nosotros, puede maximizar su flujo de efectivo y flexibilidad financiera, as\u00ed permitiendo que se mantenga competitivo en sus actividades comerciales.<\/p>\n<p>No espere que se acumulen las sanciones; llame a nuestros prestamistas de impuestos sobre la propiedad de Texas hoy mismo y detenga la fuga de sus ingresos. Le guiaremos a lo largo de cada paso para asegurarnos de que evite las sanciones adicionales, los intereses y los posibles grav\u00e1menes.<\/p>\n","protected":false},"excerpt":{"rendered":"<p>Pr\u00e9stamos de impuestos sobre la propiedad comercial de Texas Los due\u00f1os de propiedades comerciales pagan algunos de los impuestos m\u00e1s altos de la naci\u00f3n. En la econom\u00eda actual, podr\u00eda ser dif\u00edcil realizar el pago global de una deuda tributaria. Las sanciones por los impuestos sobre la propiedad no pagados son espeluznantes, ascienden al 47% en [&hellip;]<\/p>\n","protected":false},"author":8,"featured_media":0,"parent":0,"menu_order":0,"comment_status":"closed","ping_status":"open","template":"","meta":{"footnotes":""},"class_list":["post-2885","page","type-page","status-publish","hentry"],"yoast_head":"<!-- This site is optimized with the Yoast SEO plugin v25.0 - https:\/\/yoast.com\/wordpress\/plugins\/seo\/ -->\n<title>Pr\u00e9stamos de impuestos sobre la propiedad comercial | Rio Tax<\/title>\n<meta name=\"description\" content=\"Rio Tax se especializa en abordar las necesidades de los due\u00f1os de negocios en Texas que tengan problemas con los impuestos sobre la propiedad. Ll\u00e1menos hoy\" \/>\n<meta name=\"robots\" content=\"index, follow, max-snippet:-1, max-image-preview:large, max-video-preview:-1\" \/>\n<link rel=\"canonical\" href=\"https:\/\/www.riotax.com\/es\/prestamos-de-impuestos-sobre-la-propiedad-comercial\" \/>\n<meta property=\"og:locale\" content=\"es_ES\" \/>\n<meta property=\"og:type\" content=\"article\" \/>\n<meta property=\"og:title\" content=\"Pr\u00e9stamos de impuestos sobre la propiedad comercial | Rio Tax\" \/>\n<meta property=\"og:description\" content=\"Rio Tax se especializa en abordar las necesidades de los due\u00f1os de negocios en Texas que tengan problemas con los impuestos sobre la propiedad. Ll\u00e1menos hoy\" \/>\n<meta property=\"og:url\" content=\"https:\/\/www.riotax.com\/es\/prestamos-de-impuestos-sobre-la-propiedad-comercial\" \/>\n<meta property=\"og:site_name\" content=\"RioTax.com\" \/>\n<meta property=\"article:modified_time\" content=\"2023-01-18T22:25:10+00:00\" \/>\n<meta name=\"twitter:label1\" content=\"Tiempo de lectura\" \/>\n\t<meta name=\"twitter:data1\" content=\"1 minuto\" \/>\n<script type=\"application\/ld+json\" class=\"yoast-schema-graph\">{\"@context\":\"https:\/\/schema.org\",\"@graph\":[{\"@type\":\"WebPage\",\"@id\":\"https:\/\/www.riotax.com\/es\/prestamos-de-impuestos-sobre-la-propiedad-comercial\",\"url\":\"https:\/\/www.riotax.com\/es\/prestamos-de-impuestos-sobre-la-propiedad-comercial\",\"name\":\"Pr\u00e9stamos de impuestos sobre la propiedad comercial | Rio Tax\",\"isPartOf\":{\"@id\":\"https:\/\/www.riotax.com\/#website\"},\"datePublished\":\"2015-02-11T21:22:23+00:00\",\"dateModified\":\"2023-01-18T22:25:10+00:00\",\"description\":\"Rio Tax se especializa en abordar las necesidades de los due\u00f1os de negocios en Texas que tengan problemas con los impuestos sobre la propiedad. Ll\u00e1menos hoy\",\"inLanguage\":\"es\",\"potentialAction\":[{\"@type\":\"ReadAction\",\"target\":[\"https:\/\/www.riotax.com\/es\/prestamos-de-impuestos-sobre-la-propiedad-comercial\"]}]},{\"@type\":\"WebSite\",\"@id\":\"https:\/\/www.riotax.com\/#website\",\"url\":\"https:\/\/www.riotax.com\/\",\"name\":\"RioTax.com\",\"description\":\"\",\"potentialAction\":[{\"@type\":\"SearchAction\",\"target\":{\"@type\":\"EntryPoint\",\"urlTemplate\":\"https:\/\/www.riotax.com\/?s={search_term_string}\"},\"query-input\":{\"@type\":\"PropertyValueSpecification\",\"valueRequired\":true,\"valueName\":\"search_term_string\"}}],\"inLanguage\":\"es\"}]}<\/script>\n<!-- \/ Yoast SEO plugin. -->","yoast_head_json":{"title":"Pr\u00e9stamos de impuestos sobre la propiedad comercial | Rio Tax","description":"Rio Tax se especializa en abordar las necesidades de los due\u00f1os de negocios en Texas que tengan problemas con los impuestos sobre la propiedad. Ll\u00e1menos hoy","robots":{"index":"index","follow":"follow","max-snippet":"max-snippet:-1","max-image-preview":"max-image-preview:large","max-video-preview":"max-video-preview:-1"},"canonical":"https:\/\/www.riotax.com\/es\/prestamos-de-impuestos-sobre-la-propiedad-comercial","og_locale":"es_ES","og_type":"article","og_title":"Pr\u00e9stamos de impuestos sobre la propiedad comercial | Rio Tax","og_description":"Rio Tax se especializa en abordar las necesidades de los due\u00f1os de negocios en Texas que tengan problemas con los impuestos sobre la propiedad. Ll\u00e1menos hoy","og_url":"https:\/\/www.riotax.com\/es\/prestamos-de-impuestos-sobre-la-propiedad-comercial","og_site_name":"RioTax.com","article_modified_time":"2023-01-18T22:25:10+00:00","twitter_misc":{"Tiempo de lectura":"1 minuto"},"schema":{"@context":"https:\/\/schema.org","@graph":[{"@type":"WebPage","@id":"https:\/\/www.riotax.com\/es\/prestamos-de-impuestos-sobre-la-propiedad-comercial","url":"https:\/\/www.riotax.com\/es\/prestamos-de-impuestos-sobre-la-propiedad-comercial","name":"Pr\u00e9stamos de impuestos sobre la propiedad comercial | Rio Tax","isPartOf":{"@id":"https:\/\/www.riotax.com\/#website"},"datePublished":"2015-02-11T21:22:23+00:00","dateModified":"2023-01-18T22:25:10+00:00","description":"Rio Tax se especializa en abordar las necesidades de los due\u00f1os de negocios en Texas que tengan problemas con los impuestos sobre la propiedad. Ll\u00e1menos hoy","inLanguage":"es","potentialAction":[{"@type":"ReadAction","target":["https:\/\/www.riotax.com\/es\/prestamos-de-impuestos-sobre-la-propiedad-comercial"]}]},{"@type":"WebSite","@id":"https:\/\/www.riotax.com\/#website","url":"https:\/\/www.riotax.com\/","name":"RioTax.com","description":"","potentialAction":[{"@type":"SearchAction","target":{"@type":"EntryPoint","urlTemplate":"https:\/\/www.riotax.com\/?s={search_term_string}"},"query-input":{"@type":"PropertyValueSpecification","valueRequired":true,"valueName":"search_term_string"}}],"inLanguage":"es"}]}},"_links":{"self":[{"href":"https:\/\/www.riotax.com\/es\/wp-json\/wp\/v2\/pages\/2885","targetHints":{"allow":["GET"]}}],"collection":[{"href":"https:\/\/www.riotax.com\/es\/wp-json\/wp\/v2\/pages"}],"about":[{"href":"https:\/\/www.riotax.com\/es\/wp-json\/wp\/v2\/types\/page"}],"author":[{"embeddable":true,"href":"https:\/\/www.riotax.com\/es\/wp-json\/wp\/v2\/users\/8"}],"replies":[{"embeddable":true,"href":"https:\/\/www.riotax.com\/es\/wp-json\/wp\/v2\/comments?post=2885"}],"version-history":[{"count":1,"href":"https:\/\/www.riotax.com\/es\/wp-json\/wp\/v2\/pages\/2885\/revisions"}],"predecessor-version":[{"id":3575,"href":"https:\/\/www.riotax.com\/es\/wp-json\/wp\/v2\/pages\/2885\/revisions\/3575"}],"wp:attachment":[{"href":"https:\/\/www.riotax.com\/es\/wp-json\/wp\/v2\/media?parent=2885"}],"curies":[{"name":"wp","href":"https:\/\/api.w.org\/{rel}","templated":true}]}}