{"id":2890,"date":"2015-02-11T21:29:21","date_gmt":"2015-02-11T21:29:21","guid":{"rendered":"http:\/\/riotax.wpengine.com\/?page_id=2890"},"modified":"2023-01-18T22:32:21","modified_gmt":"2023-01-18T22:32:21","slug":"preguntas-frecuentes","status":"publish","type":"page","link":"https:\/\/www.riotax.com\/es\/preguntas-frecuentes","title":{"rendered":"Preguntas frecuentes"},"content":{"rendered":"<h1>Preguntas sobre el financiamiento de impuestos sobre la propiedad<\/h1>\n<h2>Preguntas frecuentes sobre los pr\u00e9stamos de impuestos sobre la propiedad en Texas<\/h2>\n<p><strong>\u00bfEn realidad recibo un \u201cpr\u00e9stamo\u201d de Rio Tax?<\/strong><br \/>\nSi bien se utiliza com\u00fanmente la frase \u201cpr\u00e9stamo de impuestos sobre la propiedad\u201d, t\u00e9cnicamente no est\u00e1 obteniendo un pr\u00e9stamo. El pr\u00e9stamo implica asumir una deuda adicional que tiene que pagar. Al utilizar Rio Tax, no incurre en ninguna deuda adicional que no exista en la actualidad.<\/p>\n<p>El condado somete su propiedad a un gravamen tributario cuando se env\u00edan las facturas tributarias en octubre. Se exime el gravamen del impuesto sobre la propiedad al momento de pagar sus impuestos sobre la propiedad. Al utilizar Rio Tax, aceptamos pagar sus impuestos sobre la propiedad y, posteriormente, se efect\u00faa la transferencia del gravamen tributario del condado a Rio Tax. Se exime el gravamen tributario al momento de pagarle a Rio Tax.<\/p>\n<p><strong>En caso de ser aprobados, \u00bfcu\u00e1ndo podemos cerrar el plan de pago y pagar nuestros impuestos?<\/strong><br \/>\nRio Tax puede cerrar su plan dentro de 1 o 2 d\u00edas posteriores a su llamada inicial. Se nos exige por ley esperar 3 d\u00edas a partir del cierre para pagar sus impuestos. Podemos pagar sus impuestos tan pronto como 4 d\u00edas despu\u00e9s de su llamada inicial.<\/p>\n<p><strong>\u00bfQu\u00e9 costos iniciales debo pagar por un plan de pago de Rio Tax?<\/strong><br \/>\nNinguno. Dise\u00f1amos nuestros planes para minimizar los pagos mensuales y eliminar los gastos adicionales o iniciales para nuestros prestatarios. Por consiguiente, podemos financiar todos los costos (tales como tarifas de registros, gastos de investigaci\u00f3n de t\u00edtulos, tarifas de originaci\u00f3n) de manera que nuestros prestatarios no tienen que pagar nada al momento del cierre.<\/p>\n<p><strong>\u00bfCu\u00e1nto cuestan las tarifas de cierre?<\/strong><br \/>\nTenemos tarifas muy bajas. De hecho, si encuentra otra compa\u00f1\u00eda autorizada de impuestos sobre la propiedad con la misma tasa de inter\u00e9s y tarifas m\u00e1s bajas, garantizamos que Rio Tax superar\u00e1 la tarifa de la competencia por $100. Esta garant\u00eda le ayuda a ahorrar dinero.<\/p>\n<p>Todas las tarifas var\u00edan conforme a diversos factores y la complejidad de la emisi\u00f3n.<\/p>\n<p><strong>\u00bfHay alguna tarifa de solicitud?<\/strong><br \/>\nNo. Nuestros prestatarios no pagan ninguna tarifa de solicitud ni ning\u00fan gasto inicial o adicional.<\/p>\n<p><strong>\u00bfQu\u00e9 tasa de inter\u00e9s cobra Rio Tax?<\/strong><br \/>\nNuestra tasa de inter\u00e9s var\u00eda dependiendo de su situaci\u00f3n; no obstante, permanece mucho m\u00e1s baja de la que pagar\u00eda al condado. Adem\u00e1s, su tasa de inter\u00e9s ser\u00e1 fija durante el plazo del plan, incluso cuando aumenten las tasas de inter\u00e9s a nivel nacional. Garantizamos que igualaremos la tasa de inter\u00e9s y las tarifas de cualquier competidor.<\/p>\n<p><strong>\u00bfPuedo determinar la duraci\u00f3n de mi plan de impuestos sobre la propiedad?<\/strong><br \/>\nS\u00ed, entre dos y diez a\u00f1os. Nuestros planes son \u00fanicos porque trabajamos con nuestros prestatarios para encontrar el plan que mejor se adapte a sus necesidades y presupuesto.<\/p>\n<p><strong>\u00bfPuedo pagar mi pr\u00e9stamo de manera anticipada?<\/strong><br \/>\nPor supuesto. No existen sanciones por el pago anticipado en los planes residenciales. De hecho, Rio Tax anima a los prestatarios a realizar el pago anticipado. As\u00ed ahorran el dinero de los cargos por los intereses.<\/p>\n<p><strong>\u00bfC\u00f3mo hago mis pagos mensuales?<\/strong><br \/>\nPuede realizar su pago mensual de varias maneras. La mejor manera es que Rio Tax debite autom\u00e1ticamente su cuenta corriente cada mes. Tambi\u00e9n puede realizar su pago mensual mediante un cheque personal, cheque de gerencia, giro postal o en nuestro sitio de pago de facturas por Internet.<\/p>\n<p><strong>\u00bfPuedo obtener un plan de pago de impuestos sobre la propiedad si tengo una hipoteca o alg\u00fan pr\u00e9stamo actual en mi propiedad?<\/strong><br \/>\nClaro que s\u00ed. Muchos de nuestros prestatarios tienen pr\u00e9stamos actuales en sus propiedades.<\/p>\n<p><strong>\u00bfQu\u00e9 ocurre si cambio de opini\u00f3n luego del cierre?<\/strong><br \/>\nSi su propiedad es una propiedad con casa y tierras, la ley de Texas le brinda un derecho de rescisi\u00f3n de tres d\u00edas para cancelar sus documentos.<\/p>\n<p><strong>\u00bfEjecutar\u00e1 la hipoteca de mi propiedad Rio Tax si no realizo un pago?<\/strong><br \/>\nEn Rio Tax, tenemos los mismos objetivos que nuestros clientes: evitar la ejecuci\u00f3n hipotecaria. Rio Tax considera la ejecuci\u00f3n hipotecaria como el \u00faltimo recurso posible. No obstante, la ley de Texas efectivamente permite que Rio Tax inicie el proceso de ejecuci\u00f3n hipotecaria cuando el pr\u00e9stamo se encuentre en mora y hayamos proporcionado una notificaci\u00f3n sobre el incumplimiento de pago y la oportunidad de subsanaci\u00f3n.<\/p>\n<p><strong>\u00bfBrinda exenciones mi autoridad tributaria para mis impuestos sobre la propiedad?<\/strong><br \/>\nPosiblemente. Rio Tax le anima a consultar con su autoridad tributaria local a fin de averiguar si es elegible para cualquier exenci\u00f3n. Las exenciones podr\u00e1n emitirse para miembros de las fuerzas armadas, personas discapacitadas, personas mayores de 65 a\u00f1os y titulares de propiedades con casa y tierras. De hecho, Rio Tax normalmente NO ofrece un pr\u00e9stamo a las personas que son elegibles para exenciones que brinden el derecho a tasas de inter\u00e9s m\u00e1s bajas que las que ofrecemos.<\/p>\n<p><strong>\u00bfCu\u00e1l es el monto total de intereses, sanciones y tarifas que cobra una autoridad tributaria si estoy en mora con respecto a mis impuestos sobre la propiedad?<\/strong><br \/>\nTan pronto como sus impuestos est\u00e9n en mora (1.\u00ba de febrero), la autoridad tributaria cobrar\u00e1 el 7% por intereses y sanciones. En la mayor\u00eda de los condados, esta tarifa aumenta el 2% cada mes hasta el 1.\u00ba de julio, cuando la autoridad cobra una tarifa de recaudaci\u00f3n del 20%. Por lo tanto, los impuestos sobre la propiedad que est\u00e9n en mora el 1.\u00ba de julio han incurrido en el 38% de intereses, sanciones y tarifas, y las tarifas aumentan cada mes, culminando en el 44% tan solo en el primer a\u00f1o de morosidad!<\/p>\n<p>Consulte la tabla de impuestos del condado<\/p>\n<p><strong>\u00bfSe emitir\u00e1 un nuevo gravamen sobre mi propiedad?<\/strong><br \/>\nNo. Si sus impuestos est\u00e1n en mora, las autoridades tributarias locales ya han emitido un gravamen sobre su propiedad. Este gravamen se anexa autom\u00e1ticamente a toda propiedad el 1.\u00ba de febrero de cada a\u00f1o con el fin de asegurar el pago de los impuestos de ese a\u00f1o actual. El gravamen sencillamente es transferido del condado a Rio Tax cuando Rio Tax paga sus impuestos.<\/p>\n<p><strong>\u00bfPuede mi autoridad tributaria ejecutar mi propiedad si mis impuestos sobre la propiedad est\u00e1n en mora?<\/strong><br \/>\nS\u00ed. Su autoridad tributaria puede entablar una demanda por impuestos en mora en el tribunal cuando sus impuestos est\u00e9n en mora. Puesto que la autoridad tributaria impone un gravamen tributario autom\u00e1ticamente sobre su propiedad cada a\u00f1o, el tribunal tiene la facultad de ejecutar su propiedad a fin de pagar el gravamen tributario. Mientras m\u00e1s tiempo pase sin pagar sus impuestos, mayor ser\u00e1 la probabilidad de que sea demandado.<\/p>\n","protected":false},"excerpt":{"rendered":"<p>Preguntas sobre el financiamiento de impuestos sobre la propiedad Preguntas frecuentes sobre los pr\u00e9stamos de impuestos sobre la propiedad en Texas \u00bfEn realidad recibo un \u201cpr\u00e9stamo\u201d de Rio Tax? Si bien se utiliza com\u00fanmente la frase \u201cpr\u00e9stamo de impuestos sobre la propiedad\u201d, t\u00e9cnicamente no est\u00e1 obteniendo un pr\u00e9stamo. El pr\u00e9stamo implica asumir una deuda adicional [&hellip;]<\/p>\n","protected":false},"author":8,"featured_media":0,"parent":0,"menu_order":0,"comment_status":"closed","ping_status":"open","template":"","meta":{"footnotes":""},"class_list":["post-2890","page","type-page","status-publish","hentry"],"yoast_head":"<!-- This site is optimized with the Yoast SEO plugin v25.0 - https:\/\/yoast.com\/wordpress\/plugins\/seo\/ -->\n<title>Preguntas frecuentes | Rio Tax<\/title>\n<meta name=\"description\" content=\"Obtenga respuestas a las preguntas comunes respecto a los servicios de pr\u00e9stamo de impuestos sobre la propiedad de Texas que ofrece Rio Tax.\" \/>\n<meta name=\"robots\" content=\"index, follow, max-snippet:-1, max-image-preview:large, max-video-preview:-1\" \/>\n<link rel=\"canonical\" href=\"https:\/\/www.riotax.com\/es\/preguntas-frecuentes\" \/>\n<meta property=\"og:locale\" content=\"es_ES\" \/>\n<meta property=\"og:type\" content=\"article\" \/>\n<meta property=\"og:title\" content=\"Preguntas frecuentes | Rio Tax\" \/>\n<meta property=\"og:description\" content=\"Obtenga respuestas a las preguntas comunes respecto a los servicios de pr\u00e9stamo de impuestos sobre la propiedad de Texas que ofrece Rio Tax.\" \/>\n<meta property=\"og:url\" content=\"https:\/\/www.riotax.com\/es\/preguntas-frecuentes\" \/>\n<meta property=\"og:site_name\" content=\"RioTax.com\" \/>\n<meta property=\"article:modified_time\" content=\"2023-01-18T22:32:21+00:00\" \/>\n<meta name=\"twitter:label1\" content=\"Tiempo de lectura\" \/>\n\t<meta name=\"twitter:data1\" content=\"5 minutos\" \/>\n<script type=\"application\/ld+json\" class=\"yoast-schema-graph\">{\"@context\":\"https:\/\/schema.org\",\"@graph\":[{\"@type\":\"WebPage\",\"@id\":\"https:\/\/www.riotax.com\/es\/preguntas-frecuentes\",\"url\":\"https:\/\/www.riotax.com\/es\/preguntas-frecuentes\",\"name\":\"Preguntas frecuentes | Rio Tax\",\"isPartOf\":{\"@id\":\"https:\/\/www.riotax.com\/#website\"},\"datePublished\":\"2015-02-11T21:29:21+00:00\",\"dateModified\":\"2023-01-18T22:32:21+00:00\",\"description\":\"Obtenga respuestas a las preguntas comunes respecto a los servicios de pr\u00e9stamo de impuestos sobre la propiedad de Texas que ofrece Rio Tax.\",\"inLanguage\":\"es\",\"potentialAction\":[{\"@type\":\"ReadAction\",\"target\":[\"https:\/\/www.riotax.com\/es\/preguntas-frecuentes\"]}]},{\"@type\":\"WebSite\",\"@id\":\"https:\/\/www.riotax.com\/#website\",\"url\":\"https:\/\/www.riotax.com\/\",\"name\":\"RioTax.com\",\"description\":\"\",\"potentialAction\":[{\"@type\":\"SearchAction\",\"target\":{\"@type\":\"EntryPoint\",\"urlTemplate\":\"https:\/\/www.riotax.com\/?s={search_term_string}\"},\"query-input\":{\"@type\":\"PropertyValueSpecification\",\"valueRequired\":true,\"valueName\":\"search_term_string\"}}],\"inLanguage\":\"es\"}]}<\/script>\n<!-- \/ Yoast SEO plugin. -->","yoast_head_json":{"title":"Preguntas frecuentes | Rio Tax","description":"Obtenga respuestas a las preguntas comunes respecto a los servicios de pr\u00e9stamo de impuestos sobre la propiedad de Texas que ofrece Rio Tax.","robots":{"index":"index","follow":"follow","max-snippet":"max-snippet:-1","max-image-preview":"max-image-preview:large","max-video-preview":"max-video-preview:-1"},"canonical":"https:\/\/www.riotax.com\/es\/preguntas-frecuentes","og_locale":"es_ES","og_type":"article","og_title":"Preguntas frecuentes | Rio Tax","og_description":"Obtenga respuestas a las preguntas comunes respecto a los servicios de pr\u00e9stamo de impuestos sobre la propiedad de Texas que ofrece Rio Tax.","og_url":"https:\/\/www.riotax.com\/es\/preguntas-frecuentes","og_site_name":"RioTax.com","article_modified_time":"2023-01-18T22:32:21+00:00","twitter_misc":{"Tiempo de lectura":"5 minutos"},"schema":{"@context":"https:\/\/schema.org","@graph":[{"@type":"WebPage","@id":"https:\/\/www.riotax.com\/es\/preguntas-frecuentes","url":"https:\/\/www.riotax.com\/es\/preguntas-frecuentes","name":"Preguntas frecuentes | Rio Tax","isPartOf":{"@id":"https:\/\/www.riotax.com\/#website"},"datePublished":"2015-02-11T21:29:21+00:00","dateModified":"2023-01-18T22:32:21+00:00","description":"Obtenga respuestas a las preguntas comunes respecto a los servicios de pr\u00e9stamo de impuestos sobre la propiedad de Texas que ofrece Rio Tax.","inLanguage":"es","potentialAction":[{"@type":"ReadAction","target":["https:\/\/www.riotax.com\/es\/preguntas-frecuentes"]}]},{"@type":"WebSite","@id":"https:\/\/www.riotax.com\/#website","url":"https:\/\/www.riotax.com\/","name":"RioTax.com","description":"","potentialAction":[{"@type":"SearchAction","target":{"@type":"EntryPoint","urlTemplate":"https:\/\/www.riotax.com\/?s={search_term_string}"},"query-input":{"@type":"PropertyValueSpecification","valueRequired":true,"valueName":"search_term_string"}}],"inLanguage":"es"}]}},"_links":{"self":[{"href":"https:\/\/www.riotax.com\/es\/wp-json\/wp\/v2\/pages\/2890","targetHints":{"allow":["GET"]}}],"collection":[{"href":"https:\/\/www.riotax.com\/es\/wp-json\/wp\/v2\/pages"}],"about":[{"href":"https:\/\/www.riotax.com\/es\/wp-json\/wp\/v2\/types\/page"}],"author":[{"embeddable":true,"href":"https:\/\/www.riotax.com\/es\/wp-json\/wp\/v2\/users\/8"}],"replies":[{"embeddable":true,"href":"https:\/\/www.riotax.com\/es\/wp-json\/wp\/v2\/comments?post=2890"}],"version-history":[{"count":1,"href":"https:\/\/www.riotax.com\/es\/wp-json\/wp\/v2\/pages\/2890\/revisions"}],"predecessor-version":[{"id":3579,"href":"https:\/\/www.riotax.com\/es\/wp-json\/wp\/v2\/pages\/2890\/revisions\/3579"}],"wp:attachment":[{"href":"https:\/\/www.riotax.com\/es\/wp-json\/wp\/v2\/media?parent=2890"}],"curies":[{"name":"wp","href":"https:\/\/api.w.org\/{rel}","templated":true}]}}