{"id":2892,"date":"2015-02-11T21:30:47","date_gmt":"2015-02-11T21:30:47","guid":{"rendered":"http:\/\/riotax.wpengine.com\/?page_id=2892"},"modified":"2023-03-13T05:43:51","modified_gmt":"2023-03-13T05:43:51","slug":"inicio","status":"publish","type":"page","link":"https:\/\/www.riotax.com\/es","title":{"rendered":"Especialistas en el financiamiento de impuestos sobre la propiedad de Texas"},"content":{"rendered":"<h3 class=\"underline\">Un Proceso R\u00e1pido y Sencillo de 4 Pasos<\/h3>\n<section class=\"columns\">\n<article class=\"col col4\"><div class=\"box info\">\n<h4>1. SOLICITUD<\/h4>\n<p>Ll\u00e1menos para completar su solicitud sencilla por tel\u00e9fono. (956) 230-6008<\/p>\n<\/div><\/article>\n<article class=\"col col4\"><div class=\"box info\">\n<h4>2. OBTENGA LA APROBACI\u00d3N<\/h4>\n<p>Podemos aprobar su solicitud el mismo d\u00eda que nos llame.<\/p>\n<\/div><\/article>\n<article class=\"col col4\"><div class=\"box info\">\n<h4>3. CERRAR EL TRATO<\/h4>\n<p>Establezca el momento y lugar de cierre que se adapte a sus necesidades.<\/p>\n<\/div><\/article>\n<article class=\"col col4\"><div class=\"box info\">\n<h4>4. PAGAMOS SUS IMPUESTOS<\/h4>\n<p>En tan solo tres d\u00edas despu\u00e9s del cierre, nosotros pagamos sus impuestos sobre la propiedad.<\/p>\n<\/div><\/article>\n<\/section>\n<h1>Rio Tax Ofrece Pr\u00e9stamos de Impuestos Resid\u00e9nciales y Comerciales<\/h1>\n<section class=\"columns\">\n<article class=\"col col23\">\n<h2>Cuente Con Nosotros Como Su Prestamista Local Del Valle De Texas Para Sus<\/h2>\n<p><strong>Impuestos de Propiedad.<\/strong><\/p>\n<p>Ayudando a los tejanos a pagar sus impuestos sobre la propiedad con planes de financiamiento econ\u00f3micos y flexibles es la misi\u00f3n principal de Rio Tax. Somos una de las compa\u00f1\u00edas m\u00e1s grandes de impuestos sobre la propiedad y de mayor crecimiento en el Valle de Rio Grande. Hemos estado en servicio desde el 2007 y logrado una trayectoria comprobada de \u00e9xito repleta de miles de clientes satisfechos. Usted puede confiar en nosotros para brindarle un financiamiento de impuestos sobre la propiedad fiable y ajustado espec\u00edficamente a su presupuesto.<\/p>\n<p>Nuestro personal experto comprende los posibles gastos involucrados con los impuestos sobre la propiedad atrasados, especialmente cuando estos son acompa\u00f1ados con sanciones, tarifas, demandas e incluso ejecuciones hipotecarias tras el incumplimiento de pagos. Para proteger sus intereses, Rio Tax ofrece:<\/p>\n<ul>\n<li>Planes de pago flexibles y sencillos<\/li>\n<li>Requisitos de elegibilidad que son f\u00e1ciles de cumplir para la mayor\u00eda de los due\u00f1os de propiedades<\/li>\n<li>Un proceso de solicitud que puede realizar por tel\u00e9fono en menos de 15 minutos<\/li>\n<\/ul>\n<p>La Mejor Opci\u00f3n es la Opci\u00f3n Mas Econ\u00f3mica<\/p>\n<p>Ofrecemos una amplia variedad de opciones y planes de pago econ\u00f3micos dese\u00f1ados para beneficiar a ambos due\u00f1os de propiedades residenciales y comerciales. Evite las sanciones, los intereses, las tarifas, y ejecuciones hipotecarias por parte del estado.<\/p>\n<p>Comun\u00edquese con nuestros asesores de impuestos sobre la propiedad del Valle de Texas hoy mismo para obtener un asesoramiento personal gratuito y encontrar la mejor opci\u00f3n que se adapte a todas sus necesidades individuales con respecto al pago de los impuestos sobre la propiedad.<\/article>\n<article class=\"col col3\">\n<div class=\"testimonial-slider\" data-delay=\"9000\" data-duration=\"800\" data-auto=\"1\"><nav class=\"controls\"><a href=\"#\" class=\"prev\">Previous<\/a><a href=\"#\" class=\"next\">Next<\/a><\/nav><h2 class=\"underline\"><span>Testimonials<\/span><\/h2><div class=\"slider-box\">\n<div class=\"testimonial\"><div><p>We received solicitations from other companies, but we prefer Rio\u2019s local office with a strong knowledge base.<\/p>\n<\/div><p>Rebecca<br><span>El Paso, TX<\/span><\/p><\/div><div class=\"testimonial\"><div><p> It was a good experience, everyone was polite and professional. Employees also had a good sense of urgency.<\/p>\n<\/div><p>Daniel<br><span>Houston, TX<\/span><\/p><\/div><div class=\"testimonial\"><div><p>I was very happy and satisfied with the whole experience. Eased my mind from worry!<\/p>\n<\/div><p>Patricia<br><span>Corpus Christi, TX<\/span><\/p><\/div><div class=\"testimonial\"><div><p>I\u2019m very satisfied with the level of service and great customer experience.<\/p>\n<\/div><p>Jorge<br><span>McAllen, TX<\/span><\/p><\/div><\/div><\/div><\/article>\n<\/section>\n","protected":false},"excerpt":{"rendered":"<p>Un Proceso R\u00e1pido y Sencillo de 4 Pasos Rio Tax Ofrece Pr\u00e9stamos de Impuestos Resid\u00e9nciales y Comerciales<\/p>\n","protected":false},"author":8,"featured_media":0,"parent":0,"menu_order":0,"comment_status":"closed","ping_status":"open","template":"","meta":{"footnotes":""},"class_list":["post-2892","page","type-page","status-publish","hentry"],"yoast_head":"<!-- This site is optimized with the Yoast SEO plugin v25.0 - https:\/\/yoast.com\/wordpress\/plugins\/seo\/ -->\n<title>Especialistas en el financiamiento de impuestos sobre la propiedad de Texas | Rio Tax<\/title>\n<meta name=\"description\" content=\"Rio Tax fue fundada en el 2007 y se especializa en los pr\u00e9stamos de impuestos sobre la propiedad comercial y residencial en Texas. Llame al 855-656-3728.\" \/>\n<meta name=\"robots\" content=\"index, follow, max-snippet:-1, max-image-preview:large, max-video-preview:-1\" \/>\n<link rel=\"canonical\" href=\"https:\/\/www.riotax.com\/es\" \/>\n<meta property=\"og:locale\" content=\"es_ES\" \/>\n<meta property=\"og:type\" content=\"article\" \/>\n<meta property=\"og:title\" content=\"Especialistas en el financiamiento de impuestos sobre la propiedad de Texas | Rio Tax\" \/>\n<meta property=\"og:description\" content=\"Rio Tax fue fundada en el 2007 y se especializa en los pr\u00e9stamos de impuestos sobre la propiedad comercial y residencial en Texas. Llame al 855-656-3728.\" \/>\n<meta property=\"og:url\" content=\"https:\/\/www.riotax.com\/es\" \/>\n<meta property=\"og:site_name\" content=\"RioTax.com\" \/>\n<meta property=\"article:modified_time\" content=\"2023-03-13T05:43:51+00:00\" \/>\n<meta name=\"twitter:label1\" content=\"Tiempo de lectura\" \/>\n\t<meta name=\"twitter:data1\" content=\"2 minutos\" \/>\n<script type=\"application\/ld+json\" class=\"yoast-schema-graph\">{\"@context\":\"https:\/\/schema.org\",\"@graph\":[{\"@type\":\"WebPage\",\"@id\":\"https:\/\/www.riotax.com\/es\",\"url\":\"https:\/\/www.riotax.com\/es\",\"name\":\"Especialistas en el financiamiento de impuestos sobre la propiedad de Texas | Rio Tax\",\"isPartOf\":{\"@id\":\"https:\/\/www.riotax.com\/#website\"},\"datePublished\":\"2015-02-11T21:30:47+00:00\",\"dateModified\":\"2023-03-13T05:43:51+00:00\",\"description\":\"Rio Tax fue fundada en el 2007 y se especializa en los pr\u00e9stamos de impuestos sobre la propiedad comercial y residencial en Texas. Llame al 855-656-3728.\",\"inLanguage\":\"es\",\"potentialAction\":[{\"@type\":\"ReadAction\",\"target\":[\"https:\/\/www.riotax.com\/es\"]}]},{\"@type\":\"WebSite\",\"@id\":\"https:\/\/www.riotax.com\/#website\",\"url\":\"https:\/\/www.riotax.com\/\",\"name\":\"RioTax.com\",\"description\":\"\",\"potentialAction\":[{\"@type\":\"SearchAction\",\"target\":{\"@type\":\"EntryPoint\",\"urlTemplate\":\"https:\/\/www.riotax.com\/?s={search_term_string}\"},\"query-input\":{\"@type\":\"PropertyValueSpecification\",\"valueRequired\":true,\"valueName\":\"search_term_string\"}}],\"inLanguage\":\"es\"}]}<\/script>\n<!-- \/ Yoast SEO plugin. -->","yoast_head_json":{"title":"Especialistas en el financiamiento de impuestos sobre la propiedad de Texas | Rio Tax","description":"Rio Tax fue fundada en el 2007 y se especializa en los pr\u00e9stamos de impuestos sobre la propiedad comercial y residencial en Texas. Llame al 855-656-3728.","robots":{"index":"index","follow":"follow","max-snippet":"max-snippet:-1","max-image-preview":"max-image-preview:large","max-video-preview":"max-video-preview:-1"},"canonical":"https:\/\/www.riotax.com\/es","og_locale":"es_ES","og_type":"article","og_title":"Especialistas en el financiamiento de impuestos sobre la propiedad de Texas | Rio Tax","og_description":"Rio Tax fue fundada en el 2007 y se especializa en los pr\u00e9stamos de impuestos sobre la propiedad comercial y residencial en Texas. Llame al 855-656-3728.","og_url":"https:\/\/www.riotax.com\/es","og_site_name":"RioTax.com","article_modified_time":"2023-03-13T05:43:51+00:00","twitter_misc":{"Tiempo de lectura":"2 minutos"},"schema":{"@context":"https:\/\/schema.org","@graph":[{"@type":"WebPage","@id":"https:\/\/www.riotax.com\/es","url":"https:\/\/www.riotax.com\/es","name":"Especialistas en el financiamiento de impuestos sobre la propiedad de Texas | Rio Tax","isPartOf":{"@id":"https:\/\/www.riotax.com\/#website"},"datePublished":"2015-02-11T21:30:47+00:00","dateModified":"2023-03-13T05:43:51+00:00","description":"Rio Tax fue fundada en el 2007 y se especializa en los pr\u00e9stamos de impuestos sobre la propiedad comercial y residencial en Texas. Llame al 855-656-3728.","inLanguage":"es","potentialAction":[{"@type":"ReadAction","target":["https:\/\/www.riotax.com\/es"]}]},{"@type":"WebSite","@id":"https:\/\/www.riotax.com\/#website","url":"https:\/\/www.riotax.com\/","name":"RioTax.com","description":"","potentialAction":[{"@type":"SearchAction","target":{"@type":"EntryPoint","urlTemplate":"https:\/\/www.riotax.com\/?s={search_term_string}"},"query-input":{"@type":"PropertyValueSpecification","valueRequired":true,"valueName":"search_term_string"}}],"inLanguage":"es"}]}},"_links":{"self":[{"href":"https:\/\/www.riotax.com\/es\/wp-json\/wp\/v2\/pages\/2892","targetHints":{"allow":["GET"]}}],"collection":[{"href":"https:\/\/www.riotax.com\/es\/wp-json\/wp\/v2\/pages"}],"about":[{"href":"https:\/\/www.riotax.com\/es\/wp-json\/wp\/v2\/types\/page"}],"author":[{"embeddable":true,"href":"https:\/\/www.riotax.com\/es\/wp-json\/wp\/v2\/users\/8"}],"replies":[{"embeddable":true,"href":"https:\/\/www.riotax.com\/es\/wp-json\/wp\/v2\/comments?post=2892"}],"version-history":[{"count":2,"href":"https:\/\/www.riotax.com\/es\/wp-json\/wp\/v2\/pages\/2892\/revisions"}],"predecessor-version":[{"id":3597,"href":"https:\/\/www.riotax.com\/es\/wp-json\/wp\/v2\/pages\/2892\/revisions\/3597"}],"wp:attachment":[{"href":"https:\/\/www.riotax.com\/es\/wp-json\/wp\/v2\/media?parent=2892"}],"curies":[{"name":"wp","href":"https:\/\/api.w.org\/{rel}","templated":true}]}}