{"id":2898,"date":"2015-02-11T21:33:27","date_gmt":"2015-02-11T21:33:27","guid":{"rendered":"http:\/\/riotax.wpengine.com\/?page_id=2898"},"modified":"2023-03-13T05:45:35","modified_gmt":"2023-03-13T05:45:35","slug":"financiamiento-de-impuestos-sobre-la-propiedad","status":"publish","type":"page","link":"https:\/\/www.riotax.com\/es\/financiamiento-de-impuestos-sobre-la-propiedad","title":{"rendered":"Financiamiento de impuestos sobre la propiedad"},"content":{"rendered":"<h1><strong>Financie los impuestos sobre la propiedad de Texas y solucione los problemas tributarios<\/strong><\/h1>\n<h2><strong>Pr\u00e9stamos de impuestos sobre la propiedad de Texas<\/strong><\/h2>\n<p>Rio Tax ofrece planes de pago y financiamiento con el fin de brindarles a los due\u00f1os de propiedades una alternativa a los pagos globales de grandes sumas a sus autoridades tributarias en caso de estar atrasados con sus pagos de impuestos. Nuestra compa\u00f1\u00eda de pr\u00e9stamos de impuestos sobre la propiedad de Texas puede pagar de inmediato todos los impuestos sobre la propiedad en mora, las sanciones y los intereses. Permita que Rio Tax asuma la responsabilidad mientras usted paga el pr\u00e9stamo a trav\u00e9s de cuotas mensuales bajas y convenientes. De hecho, nuestros planes de financiamiento generalmente ofrecen tasas de inter\u00e9s mucho m\u00e1s bajas que aquellas cobradas por las autoridades tributarias.<\/p>\n<h2>Simplifique su vida sin grav\u00e1menes tributarios<\/h2>\n<p>Si sus impuestos sobre la propiedad est\u00e1n atrasados, las autoridades tributarias someten su propiedad a un gravamen. Cuando elige hacer negocios con nosotros, se transfiere este gravamen a Rio Tax. Estamos a su disposici\u00f3n para ayudarle a pagar sus impuestos sobre la propiedad y evitar los cargos adicionales del condado o incluso la p\u00e9rdida de la:<\/p>\n<ul>\n<li><a title=\"Residential Property Tax Loans\" href=\"\/es\/tx-residential-property-tax-loan-finance\"><strong>Propiedad residencial<\/strong><\/a><\/li>\n<li><a title=\"Commercial Property Tax Loans\" href=\"\/es\/tx-commercial-property-tax-loan-finance\"><strong>Propiedad comercial<\/strong><\/a><\/li>\n<\/ul>\n<p>Es importante actuar r\u00e1pidamente porque las sanciones empiezan a acumularse de inmediato. Pres\u00e9ntenos una solicitud y podemos aprobarla el mismo d\u00eda. Podr\u00e1n pagarse sus impuestos dentro de tan solo tres d\u00edas posteriores al cierre, de conformidad con las reglamentaciones estatales.<\/p>\n<p>Llame a nuestros <a href=\"\/es\/comuniquese-con-nosotros\">especialistas de impuestos sobre la propiedad de Texas<\/a> hoy mismo al (956) 230-6008 o env\u00ede una solicitud por Internet.<\/p>\n","protected":false},"excerpt":{"rendered":"<p>Financie los impuestos sobre la propiedad de Texas y solucione los problemas tributarios Pr\u00e9stamos de impuestos sobre la propiedad de Texas Rio Tax ofrece planes de pago y financiamiento con el fin de brindarles a los due\u00f1os de propiedades una alternativa a los pagos globales de grandes sumas a sus autoridades tributarias en caso de [&hellip;]<\/p>\n","protected":false},"author":8,"featured_media":0,"parent":0,"menu_order":0,"comment_status":"closed","ping_status":"open","template":"","meta":{"footnotes":""},"class_list":["post-2898","page","type-page","status-publish","hentry"],"yoast_head":"<!-- This site is optimized with the Yoast SEO plugin v25.0 - https:\/\/yoast.com\/wordpress\/plugins\/seo\/ -->\n<title>Financiamiento de impuestos sobre la propiedad de Texas | Rio Tax<\/title>\n<meta name=\"description\" content=\"Permita que Rio Tax le ayude a evitar ejecuciones hipotecarias, sanciones y tarifas. Financie los impuestos sobre la propiedad de Texas y p\u00e1guelos mediante cuotas mensuales sencillas. Llame al: 855-656-3728\" \/>\n<meta name=\"robots\" content=\"index, follow, max-snippet:-1, max-image-preview:large, max-video-preview:-1\" \/>\n<link rel=\"canonical\" href=\"https:\/\/www.riotax.com\/es\/financiamiento-de-impuestos-sobre-la-propiedad\" \/>\n<meta property=\"og:locale\" content=\"es_ES\" \/>\n<meta property=\"og:type\" content=\"article\" \/>\n<meta property=\"og:title\" content=\"Financiamiento de impuestos sobre la propiedad de Texas | Rio Tax\" \/>\n<meta property=\"og:description\" content=\"Permita que Rio Tax le ayude a evitar ejecuciones hipotecarias, sanciones y tarifas. Financie los impuestos sobre la propiedad de Texas y p\u00e1guelos mediante cuotas mensuales sencillas. Llame al: 855-656-3728\" \/>\n<meta property=\"og:url\" content=\"https:\/\/www.riotax.com\/es\/financiamiento-de-impuestos-sobre-la-propiedad\" \/>\n<meta property=\"og:site_name\" content=\"RioTax.com\" \/>\n<meta property=\"article:modified_time\" content=\"2023-03-13T05:45:35+00:00\" \/>\n<meta name=\"twitter:label1\" content=\"Tiempo de lectura\" \/>\n\t<meta name=\"twitter:data1\" content=\"2 minutos\" \/>\n<script type=\"application\/ld+json\" class=\"yoast-schema-graph\">{\"@context\":\"https:\/\/schema.org\",\"@graph\":[{\"@type\":\"WebPage\",\"@id\":\"https:\/\/www.riotax.com\/es\/financiamiento-de-impuestos-sobre-la-propiedad\",\"url\":\"https:\/\/www.riotax.com\/es\/financiamiento-de-impuestos-sobre-la-propiedad\",\"name\":\"Financiamiento de impuestos sobre la propiedad de Texas | Rio Tax\",\"isPartOf\":{\"@id\":\"https:\/\/www.riotax.com\/#website\"},\"datePublished\":\"2015-02-11T21:33:27+00:00\",\"dateModified\":\"2023-03-13T05:45:35+00:00\",\"description\":\"Permita que Rio Tax le ayude a evitar ejecuciones hipotecarias, sanciones y tarifas. Financie los impuestos sobre la propiedad de Texas y p\u00e1guelos mediante cuotas mensuales sencillas. Llame al: 855-656-3728\",\"inLanguage\":\"es\",\"potentialAction\":[{\"@type\":\"ReadAction\",\"target\":[\"https:\/\/www.riotax.com\/es\/financiamiento-de-impuestos-sobre-la-propiedad\"]}]},{\"@type\":\"WebSite\",\"@id\":\"https:\/\/www.riotax.com\/#website\",\"url\":\"https:\/\/www.riotax.com\/\",\"name\":\"RioTax.com\",\"description\":\"\",\"potentialAction\":[{\"@type\":\"SearchAction\",\"target\":{\"@type\":\"EntryPoint\",\"urlTemplate\":\"https:\/\/www.riotax.com\/?s={search_term_string}\"},\"query-input\":{\"@type\":\"PropertyValueSpecification\",\"valueRequired\":true,\"valueName\":\"search_term_string\"}}],\"inLanguage\":\"es\"}]}<\/script>\n<!-- \/ Yoast SEO plugin. -->","yoast_head_json":{"title":"Financiamiento de impuestos sobre la propiedad de Texas | Rio Tax","description":"Permita que Rio Tax le ayude a evitar ejecuciones hipotecarias, sanciones y tarifas. Financie los impuestos sobre la propiedad de Texas y p\u00e1guelos mediante cuotas mensuales sencillas. Llame al: 855-656-3728","robots":{"index":"index","follow":"follow","max-snippet":"max-snippet:-1","max-image-preview":"max-image-preview:large","max-video-preview":"max-video-preview:-1"},"canonical":"https:\/\/www.riotax.com\/es\/financiamiento-de-impuestos-sobre-la-propiedad","og_locale":"es_ES","og_type":"article","og_title":"Financiamiento de impuestos sobre la propiedad de Texas | Rio Tax","og_description":"Permita que Rio Tax le ayude a evitar ejecuciones hipotecarias, sanciones y tarifas. Financie los impuestos sobre la propiedad de Texas y p\u00e1guelos mediante cuotas mensuales sencillas. Llame al: 855-656-3728","og_url":"https:\/\/www.riotax.com\/es\/financiamiento-de-impuestos-sobre-la-propiedad","og_site_name":"RioTax.com","article_modified_time":"2023-03-13T05:45:35+00:00","twitter_misc":{"Tiempo de lectura":"2 minutos"},"schema":{"@context":"https:\/\/schema.org","@graph":[{"@type":"WebPage","@id":"https:\/\/www.riotax.com\/es\/financiamiento-de-impuestos-sobre-la-propiedad","url":"https:\/\/www.riotax.com\/es\/financiamiento-de-impuestos-sobre-la-propiedad","name":"Financiamiento de impuestos sobre la propiedad de Texas | Rio Tax","isPartOf":{"@id":"https:\/\/www.riotax.com\/#website"},"datePublished":"2015-02-11T21:33:27+00:00","dateModified":"2023-03-13T05:45:35+00:00","description":"Permita que Rio Tax le ayude a evitar ejecuciones hipotecarias, sanciones y tarifas. Financie los impuestos sobre la propiedad de Texas y p\u00e1guelos mediante cuotas mensuales sencillas. Llame al: 855-656-3728","inLanguage":"es","potentialAction":[{"@type":"ReadAction","target":["https:\/\/www.riotax.com\/es\/financiamiento-de-impuestos-sobre-la-propiedad"]}]},{"@type":"WebSite","@id":"https:\/\/www.riotax.com\/#website","url":"https:\/\/www.riotax.com\/","name":"RioTax.com","description":"","potentialAction":[{"@type":"SearchAction","target":{"@type":"EntryPoint","urlTemplate":"https:\/\/www.riotax.com\/?s={search_term_string}"},"query-input":{"@type":"PropertyValueSpecification","valueRequired":true,"valueName":"search_term_string"}}],"inLanguage":"es"}]}},"_links":{"self":[{"href":"https:\/\/www.riotax.com\/es\/wp-json\/wp\/v2\/pages\/2898","targetHints":{"allow":["GET"]}}],"collection":[{"href":"https:\/\/www.riotax.com\/es\/wp-json\/wp\/v2\/pages"}],"about":[{"href":"https:\/\/www.riotax.com\/es\/wp-json\/wp\/v2\/types\/page"}],"author":[{"embeddable":true,"href":"https:\/\/www.riotax.com\/es\/wp-json\/wp\/v2\/users\/8"}],"replies":[{"embeddable":true,"href":"https:\/\/www.riotax.com\/es\/wp-json\/wp\/v2\/comments?post=2898"}],"version-history":[{"count":2,"href":"https:\/\/www.riotax.com\/es\/wp-json\/wp\/v2\/pages\/2898\/revisions"}],"predecessor-version":[{"id":3599,"href":"https:\/\/www.riotax.com\/es\/wp-json\/wp\/v2\/pages\/2898\/revisions\/3599"}],"wp:attachment":[{"href":"https:\/\/www.riotax.com\/es\/wp-json\/wp\/v2\/media?parent=2898"}],"curies":[{"name":"wp","href":"https:\/\/api.w.org\/{rel}","templated":true}]}}