{"id":2900,"date":"2015-02-11T21:34:19","date_gmt":"2015-02-11T21:34:19","guid":{"rendered":"http:\/\/riotax.wpengine.com\/?page_id=2900"},"modified":"2023-01-18T22:24:16","modified_gmt":"2023-01-18T22:24:16","slug":"elegibilidad-para-prestamos-de-impuestos-sobre-la-propiedad","status":"publish","type":"page","link":"https:\/\/www.riotax.com\/es\/elegibilidad-para-prestamos-de-impuestos-sobre-la-propiedad","title":{"rendered":"Elegibilidad para pr\u00e9stamos de impuestos sobre la propiedad"},"content":{"rendered":"<h1>Requisitos de elegibilidad para el financiamiento tributario en Texas<\/h1>\n<p>Como especialistas l\u00edderes de impuestos sobre la propiedad de Texas, siempre nos esforzamos por ayudar a nuestros clientes a conservar su propiedad. Nuestra meta es encontrar la mejor soluci\u00f3n seg\u00fan las necesidades de cada prestatario.<\/p>\n<p>Rio Tax entiende que cada cliente es diferente, y por eso, nosotros repasamos cada solicitud cuidadosamente. Normalmente requerimos que la propiedad (residencial, comercial, de inversi\u00f3n o de terrenos) est\u00e9 ubicada en Texas y que el monto total de impuestos, intereses, sanciones y otras tarifas que adeude sea al menos de $2,500.<\/p>\n<h2>Informaci\u00f3n requerida para el pr\u00e9stamo de impuestos sobre la propiedad<\/h2>\n<h3 style=\"padding-left: 30px;\">Residencial<\/h3>\n<ul>\n<li>Informaci\u00f3n de contacto (n\u00famero telef\u00f3nico, correo electr\u00f3nico, etc.)<\/li>\n<li>Nombre del due\u00f1o(s) de la propiedad<\/li>\n<li>N\u00famero del Seguro Social<\/li>\n<li>Fecha de nacimiento<\/li>\n<li>Informaci\u00f3n de la compa\u00f1\u00eda hipotecaria (seg\u00fan corresponda)<\/li>\n<li>Direcci\u00f3n postal de la propiedad<\/li>\n<\/ul>\n<h3 style=\"padding-left: 30px;\">Comercial<\/h3>\n<ul>\n<li>Inspecci\u00f3n de la propiedad e inspecci\u00f3n ambiental reciente<\/li>\n<li>Informaci\u00f3n sobre la entidad prestataria (por ejemplo, acta constitutiva, contratos de sociedad colectiva, etc.)<\/li>\n<li>Informe sobre la inspecci\u00f3n<\/li>\n<li>Declaraciones de impuestos y\/o estados financieros corporativos<\/li>\n<\/ul>\n<p>Si tiene alguna otra pregunta acerca de su elegibilidad, llame a nuestros asesores de impuestos sobre la propiedad. Le asistiremos en cada etapa del proceso que utiliza nuestra compa\u00f1\u00eda.<\/p>\n","protected":false},"excerpt":{"rendered":"<p>Requisitos de elegibilidad para el financiamiento tributario en Texas Como especialistas l\u00edderes de impuestos sobre la propiedad de Texas, siempre nos esforzamos por ayudar a nuestros clientes a conservar su propiedad. Nuestra meta es encontrar la mejor soluci\u00f3n seg\u00fan las necesidades de cada prestatario. Rio Tax entiende que cada cliente es diferente, y por eso, [&hellip;]<\/p>\n","protected":false},"author":8,"featured_media":0,"parent":0,"menu_order":0,"comment_status":"closed","ping_status":"open","template":"","meta":{"footnotes":""},"class_list":["post-2900","page","type-page","status-publish","hentry"],"yoast_head":"<!-- This site is optimized with the Yoast SEO plugin v25.0 - https:\/\/yoast.com\/wordpress\/plugins\/seo\/ -->\n<title>Elegibilidad para pr\u00e9stamos de impuestos sobre la propiedad de Texas | Rio Tax<\/title>\n<meta name=\"description\" content=\"Rio Tax est\u00e1 a la disposici\u00f3n para ayudar a cada cliente a comprender plenamente los requisitos de elegibilidad y los procesos para recibir un pr\u00e9stamo de impuestos sobre la propiedad en Texas.\" \/>\n<meta name=\"robots\" content=\"index, follow, max-snippet:-1, max-image-preview:large, max-video-preview:-1\" \/>\n<link rel=\"canonical\" href=\"https:\/\/www.riotax.com\/es\/elegibilidad-para-prestamos-de-impuestos-sobre-la-propiedad\" \/>\n<meta property=\"og:locale\" content=\"es_ES\" \/>\n<meta property=\"og:type\" content=\"article\" \/>\n<meta property=\"og:title\" content=\"Elegibilidad para pr\u00e9stamos de impuestos sobre la propiedad de Texas | Rio Tax\" \/>\n<meta property=\"og:description\" content=\"Rio Tax est\u00e1 a la disposici\u00f3n para ayudar a cada cliente a comprender plenamente los requisitos de elegibilidad y los procesos para recibir un pr\u00e9stamo de impuestos sobre la propiedad en Texas.\" \/>\n<meta property=\"og:url\" content=\"https:\/\/www.riotax.com\/es\/elegibilidad-para-prestamos-de-impuestos-sobre-la-propiedad\" \/>\n<meta property=\"og:site_name\" content=\"RioTax.com\" \/>\n<meta property=\"article:modified_time\" content=\"2023-01-18T22:24:16+00:00\" \/>\n<meta name=\"twitter:label1\" content=\"Tiempo de lectura\" \/>\n\t<meta name=\"twitter:data1\" content=\"1 minuto\" \/>\n<script type=\"application\/ld+json\" class=\"yoast-schema-graph\">{\"@context\":\"https:\/\/schema.org\",\"@graph\":[{\"@type\":\"WebPage\",\"@id\":\"https:\/\/www.riotax.com\/es\/elegibilidad-para-prestamos-de-impuestos-sobre-la-propiedad\",\"url\":\"https:\/\/www.riotax.com\/es\/elegibilidad-para-prestamos-de-impuestos-sobre-la-propiedad\",\"name\":\"Elegibilidad para pr\u00e9stamos de impuestos sobre la propiedad de Texas | Rio Tax\",\"isPartOf\":{\"@id\":\"https:\/\/www.riotax.com\/#website\"},\"datePublished\":\"2015-02-11T21:34:19+00:00\",\"dateModified\":\"2023-01-18T22:24:16+00:00\",\"description\":\"Rio Tax est\u00e1 a la disposici\u00f3n para ayudar a cada cliente a comprender plenamente los requisitos de elegibilidad y los procesos para recibir un pr\u00e9stamo de impuestos sobre la propiedad en Texas.\",\"inLanguage\":\"es\",\"potentialAction\":[{\"@type\":\"ReadAction\",\"target\":[\"https:\/\/www.riotax.com\/es\/elegibilidad-para-prestamos-de-impuestos-sobre-la-propiedad\"]}]},{\"@type\":\"WebSite\",\"@id\":\"https:\/\/www.riotax.com\/#website\",\"url\":\"https:\/\/www.riotax.com\/\",\"name\":\"RioTax.com\",\"description\":\"\",\"potentialAction\":[{\"@type\":\"SearchAction\",\"target\":{\"@type\":\"EntryPoint\",\"urlTemplate\":\"https:\/\/www.riotax.com\/?s={search_term_string}\"},\"query-input\":{\"@type\":\"PropertyValueSpecification\",\"valueRequired\":true,\"valueName\":\"search_term_string\"}}],\"inLanguage\":\"es\"}]}<\/script>\n<!-- \/ Yoast SEO plugin. -->","yoast_head_json":{"title":"Elegibilidad para pr\u00e9stamos de impuestos sobre la propiedad de Texas | Rio Tax","description":"Rio Tax est\u00e1 a la disposici\u00f3n para ayudar a cada cliente a comprender plenamente los requisitos de elegibilidad y los procesos para recibir un pr\u00e9stamo de impuestos sobre la propiedad en Texas.","robots":{"index":"index","follow":"follow","max-snippet":"max-snippet:-1","max-image-preview":"max-image-preview:large","max-video-preview":"max-video-preview:-1"},"canonical":"https:\/\/www.riotax.com\/es\/elegibilidad-para-prestamos-de-impuestos-sobre-la-propiedad","og_locale":"es_ES","og_type":"article","og_title":"Elegibilidad para pr\u00e9stamos de impuestos sobre la propiedad de Texas | Rio Tax","og_description":"Rio Tax est\u00e1 a la disposici\u00f3n para ayudar a cada cliente a comprender plenamente los requisitos de elegibilidad y los procesos para recibir un pr\u00e9stamo de impuestos sobre la propiedad en Texas.","og_url":"https:\/\/www.riotax.com\/es\/elegibilidad-para-prestamos-de-impuestos-sobre-la-propiedad","og_site_name":"RioTax.com","article_modified_time":"2023-01-18T22:24:16+00:00","twitter_misc":{"Tiempo de lectura":"1 minuto"},"schema":{"@context":"https:\/\/schema.org","@graph":[{"@type":"WebPage","@id":"https:\/\/www.riotax.com\/es\/elegibilidad-para-prestamos-de-impuestos-sobre-la-propiedad","url":"https:\/\/www.riotax.com\/es\/elegibilidad-para-prestamos-de-impuestos-sobre-la-propiedad","name":"Elegibilidad para pr\u00e9stamos de impuestos sobre la propiedad de Texas | Rio Tax","isPartOf":{"@id":"https:\/\/www.riotax.com\/#website"},"datePublished":"2015-02-11T21:34:19+00:00","dateModified":"2023-01-18T22:24:16+00:00","description":"Rio Tax est\u00e1 a la disposici\u00f3n para ayudar a cada cliente a comprender plenamente los requisitos de elegibilidad y los procesos para recibir un pr\u00e9stamo de impuestos sobre la propiedad en Texas.","inLanguage":"es","potentialAction":[{"@type":"ReadAction","target":["https:\/\/www.riotax.com\/es\/elegibilidad-para-prestamos-de-impuestos-sobre-la-propiedad"]}]},{"@type":"WebSite","@id":"https:\/\/www.riotax.com\/#website","url":"https:\/\/www.riotax.com\/","name":"RioTax.com","description":"","potentialAction":[{"@type":"SearchAction","target":{"@type":"EntryPoint","urlTemplate":"https:\/\/www.riotax.com\/?s={search_term_string}"},"query-input":{"@type":"PropertyValueSpecification","valueRequired":true,"valueName":"search_term_string"}}],"inLanguage":"es"}]}},"_links":{"self":[{"href":"https:\/\/www.riotax.com\/es\/wp-json\/wp\/v2\/pages\/2900","targetHints":{"allow":["GET"]}}],"collection":[{"href":"https:\/\/www.riotax.com\/es\/wp-json\/wp\/v2\/pages"}],"about":[{"href":"https:\/\/www.riotax.com\/es\/wp-json\/wp\/v2\/types\/page"}],"author":[{"embeddable":true,"href":"https:\/\/www.riotax.com\/es\/wp-json\/wp\/v2\/users\/8"}],"replies":[{"embeddable":true,"href":"https:\/\/www.riotax.com\/es\/wp-json\/wp\/v2\/comments?post=2900"}],"version-history":[{"count":2,"href":"https:\/\/www.riotax.com\/es\/wp-json\/wp\/v2\/pages\/2900\/revisions"}],"predecessor-version":[{"id":3574,"href":"https:\/\/www.riotax.com\/es\/wp-json\/wp\/v2\/pages\/2900\/revisions\/3574"}],"wp:attachment":[{"href":"https:\/\/www.riotax.com\/es\/wp-json\/wp\/v2\/media?parent=2900"}],"curies":[{"name":"wp","href":"https:\/\/api.w.org\/{rel}","templated":true}]}}