{"id":2902,"date":"2015-02-11T21:35:26","date_gmt":"2015-02-11T21:35:26","guid":{"rendered":"http:\/\/riotax.wpengine.com\/?page_id=2902"},"modified":"2023-01-18T22:23:19","modified_gmt":"2023-01-18T22:23:19","slug":"prestamos-de-impuestos-sobre-la-propiedad-residencial","status":"publish","type":"page","link":"https:\/\/www.riotax.com\/es\/prestamos-de-impuestos-sobre-la-propiedad-residencial","title":{"rendered":"Pr\u00e9stamos de impuestos sobre la propiedad residencial"},"content":{"rendered":"<h1>Financiamiento de impuestos sobre la propiedad residencial de Texas<\/h1>\n<p>\u00bfSe ha demorado en el pago de sus impuestos sobre la propiedad? Rio Tax puede brindarle una soluci\u00f3n para ayudar a:<\/p>\n<ul>\n<li>\u00a0\u00a0\u00a0Financiar los impuestos sobre la propiedad<\/li>\n<li>\u00a0\u00a0\u00a0Liquidar su deuda<\/li>\n<li>\u00a0\u00a0\u00a0Evitar sanciones, intereses y grav\u00e1menes tributarios adicionales del condado<\/li>\n<\/ul>\n<p>Comprendemos que en la vida se presentan problemas imprevistos que en ocasiones impiden que pueda pagar sus impuestos sobre la propiedad. Independientemente de su situaci\u00f3n, queremos informarle que no est\u00e1 solo. Por medio de un servicio confidencial y personalizado, Rio Tax le orientar\u00e1 a lo largo del proceso de financiar el monto total que adeuda respecto a los impuestos sobre la propiedad en Texas. Lo que es m\u00e1s importante, nos esforzamos por hacer que el proceso entero sea sencillo y lo m\u00e1s r\u00e1pido posible.<\/p>\n<p>Rio Tax es \u00fanica en el sentido de que los propietarios de vivienda pueden controlar los t\u00e9rminos de su plan de financiamiento. No hay ninguna sanci\u00f3n por el pago anticipado, ning\u00fan gasto adicional, y la documentaci\u00f3n requerida es m\u00ednima. Nuestro proceso de solicitud requiere \u00fanicamente lo siguiente:<\/p>\n<ul>\n<li>\u00a0\u00a0\u00a0Nombre y fecha de nacimiento del due\u00f1o de la propiedad<\/li>\n<li>\u00a0\u00a0\u00a0N\u00famero del Seguro Social<\/li>\n<li>\u00a0\u00a0\u00a0Direcci\u00f3n postal de la propiedad<\/li>\n<li>\u00a0\u00a0\u00a0Informaci\u00f3n de contacto (n\u00famero telef\u00f3nico, correo electr\u00f3nico)<\/li>\n<li>\u00a0\u00a0\u00a0Informaci\u00f3n de la compa\u00f1\u00eda hipotecaria (seg\u00fan corresponda) y el estado de cuenta m\u00e1s reciente<\/li>\n<\/ul>\n<h3>\u00bfPor qu\u00e9 elegir Rio Tax?<\/h3>\n<ul>\n<li>\u00a0\u00a0\u00a0Solicitud sencilla por tel\u00e9fono o por Internet<\/li>\n<li>\u00a0\u00a0\u00a0Procesamiento y aprobaci\u00f3n en tan solo un d\u00eda<\/li>\n<li>\u00a0\u00a0\u00a0Establecimientos de cierre flexibles para satisfacer sus necesidades<\/li>\n<li>\u00a0\u00a0\u00a0Puede pagarnos mensualmente conforme a los t\u00e9rminos flexibles que haya acordado con su asesor de impuestos<\/li>\n<li>\u00a0\u00a0\u00a0Trabajemos con usted para mantener el pago mensual alineado con su presupuesto<\/li>\n<\/ul>\n<p>Comun\u00edquese con nuestros prestamistas de impuestos sobre la propiedad de Texas hoy mismo para recibir la asistencia inmediata. Podemos responder cualquier pregunta que tenga, procesar su solicitud y entregar su aprobaci\u00f3n lo antes posible.<\/p>\n","protected":false},"excerpt":{"rendered":"<p>Financiamiento de impuestos sobre la propiedad residencial de Texas \u00bfSe ha demorado en el pago de sus impuestos sobre la propiedad? Rio Tax puede brindarle una soluci\u00f3n para ayudar a: \u00a0\u00a0\u00a0Financiar los impuestos sobre la propiedad \u00a0\u00a0\u00a0Liquidar su deuda \u00a0\u00a0\u00a0Evitar sanciones, intereses y grav\u00e1menes tributarios adicionales del condado Comprendemos que en la vida se presentan [&hellip;]<\/p>\n","protected":false},"author":8,"featured_media":0,"parent":0,"menu_order":0,"comment_status":"closed","ping_status":"open","template":"","meta":{"footnotes":""},"class_list":["post-2902","page","type-page","status-publish","hentry"],"yoast_head":"<!-- This site is optimized with the Yoast SEO plugin v25.0 - https:\/\/yoast.com\/wordpress\/plugins\/seo\/ -->\n<title>Pr\u00e9stamos de impuestos sobre la propiedad residencial | Rio Tax<\/title>\n<meta name=\"description\" content=\"Rio Tax est\u00e1 a la disposici\u00f3n para ayudar a cada cliente a comprender plenamente los requisitos de elegibilidad y los procesos para recibir un pr\u00e9stamo de impuestos sobre la propiedad en Texas.\" \/>\n<meta name=\"robots\" content=\"index, follow, max-snippet:-1, max-image-preview:large, max-video-preview:-1\" \/>\n<link rel=\"canonical\" href=\"https:\/\/www.riotax.com\/es\/prestamos-de-impuestos-sobre-la-propiedad-residencial\" \/>\n<meta property=\"og:locale\" content=\"es_ES\" \/>\n<meta property=\"og:type\" content=\"article\" \/>\n<meta property=\"og:title\" content=\"Pr\u00e9stamos de impuestos sobre la propiedad residencial | Rio Tax\" \/>\n<meta property=\"og:description\" content=\"Rio Tax est\u00e1 a la disposici\u00f3n para ayudar a cada cliente a comprender plenamente los requisitos de elegibilidad y los procesos para recibir un pr\u00e9stamo de impuestos sobre la propiedad en Texas.\" \/>\n<meta property=\"og:url\" content=\"https:\/\/www.riotax.com\/es\/prestamos-de-impuestos-sobre-la-propiedad-residencial\" \/>\n<meta property=\"og:site_name\" content=\"RioTax.com\" \/>\n<meta property=\"article:modified_time\" content=\"2023-01-18T22:23:19+00:00\" \/>\n<meta name=\"twitter:label1\" content=\"Tiempo de lectura\" \/>\n\t<meta name=\"twitter:data1\" content=\"2 minutos\" \/>\n<script type=\"application\/ld+json\" class=\"yoast-schema-graph\">{\"@context\":\"https:\/\/schema.org\",\"@graph\":[{\"@type\":\"WebPage\",\"@id\":\"https:\/\/www.riotax.com\/es\/prestamos-de-impuestos-sobre-la-propiedad-residencial\",\"url\":\"https:\/\/www.riotax.com\/es\/prestamos-de-impuestos-sobre-la-propiedad-residencial\",\"name\":\"Pr\u00e9stamos de impuestos sobre la propiedad residencial | Rio Tax\",\"isPartOf\":{\"@id\":\"https:\/\/www.riotax.com\/#website\"},\"datePublished\":\"2015-02-11T21:35:26+00:00\",\"dateModified\":\"2023-01-18T22:23:19+00:00\",\"description\":\"Rio Tax est\u00e1 a la disposici\u00f3n para ayudar a cada cliente a comprender plenamente los requisitos de elegibilidad y los procesos para recibir un pr\u00e9stamo de impuestos sobre la propiedad en Texas.\",\"inLanguage\":\"es\",\"potentialAction\":[{\"@type\":\"ReadAction\",\"target\":[\"https:\/\/www.riotax.com\/es\/prestamos-de-impuestos-sobre-la-propiedad-residencial\"]}]},{\"@type\":\"WebSite\",\"@id\":\"https:\/\/www.riotax.com\/#website\",\"url\":\"https:\/\/www.riotax.com\/\",\"name\":\"RioTax.com\",\"description\":\"\",\"potentialAction\":[{\"@type\":\"SearchAction\",\"target\":{\"@type\":\"EntryPoint\",\"urlTemplate\":\"https:\/\/www.riotax.com\/?s={search_term_string}\"},\"query-input\":{\"@type\":\"PropertyValueSpecification\",\"valueRequired\":true,\"valueName\":\"search_term_string\"}}],\"inLanguage\":\"es\"}]}<\/script>\n<!-- \/ Yoast SEO plugin. -->","yoast_head_json":{"title":"Pr\u00e9stamos de impuestos sobre la propiedad residencial | Rio Tax","description":"Rio Tax est\u00e1 a la disposici\u00f3n para ayudar a cada cliente a comprender plenamente los requisitos de elegibilidad y los procesos para recibir un pr\u00e9stamo de impuestos sobre la propiedad en Texas.","robots":{"index":"index","follow":"follow","max-snippet":"max-snippet:-1","max-image-preview":"max-image-preview:large","max-video-preview":"max-video-preview:-1"},"canonical":"https:\/\/www.riotax.com\/es\/prestamos-de-impuestos-sobre-la-propiedad-residencial","og_locale":"es_ES","og_type":"article","og_title":"Pr\u00e9stamos de impuestos sobre la propiedad residencial | Rio Tax","og_description":"Rio Tax est\u00e1 a la disposici\u00f3n para ayudar a cada cliente a comprender plenamente los requisitos de elegibilidad y los procesos para recibir un pr\u00e9stamo de impuestos sobre la propiedad en Texas.","og_url":"https:\/\/www.riotax.com\/es\/prestamos-de-impuestos-sobre-la-propiedad-residencial","og_site_name":"RioTax.com","article_modified_time":"2023-01-18T22:23:19+00:00","twitter_misc":{"Tiempo de lectura":"2 minutos"},"schema":{"@context":"https:\/\/schema.org","@graph":[{"@type":"WebPage","@id":"https:\/\/www.riotax.com\/es\/prestamos-de-impuestos-sobre-la-propiedad-residencial","url":"https:\/\/www.riotax.com\/es\/prestamos-de-impuestos-sobre-la-propiedad-residencial","name":"Pr\u00e9stamos de impuestos sobre la propiedad residencial | Rio Tax","isPartOf":{"@id":"https:\/\/www.riotax.com\/#website"},"datePublished":"2015-02-11T21:35:26+00:00","dateModified":"2023-01-18T22:23:19+00:00","description":"Rio Tax est\u00e1 a la disposici\u00f3n para ayudar a cada cliente a comprender plenamente los requisitos de elegibilidad y los procesos para recibir un pr\u00e9stamo de impuestos sobre la propiedad en Texas.","inLanguage":"es","potentialAction":[{"@type":"ReadAction","target":["https:\/\/www.riotax.com\/es\/prestamos-de-impuestos-sobre-la-propiedad-residencial"]}]},{"@type":"WebSite","@id":"https:\/\/www.riotax.com\/#website","url":"https:\/\/www.riotax.com\/","name":"RioTax.com","description":"","potentialAction":[{"@type":"SearchAction","target":{"@type":"EntryPoint","urlTemplate":"https:\/\/www.riotax.com\/?s={search_term_string}"},"query-input":{"@type":"PropertyValueSpecification","valueRequired":true,"valueName":"search_term_string"}}],"inLanguage":"es"}]}},"_links":{"self":[{"href":"https:\/\/www.riotax.com\/es\/wp-json\/wp\/v2\/pages\/2902","targetHints":{"allow":["GET"]}}],"collection":[{"href":"https:\/\/www.riotax.com\/es\/wp-json\/wp\/v2\/pages"}],"about":[{"href":"https:\/\/www.riotax.com\/es\/wp-json\/wp\/v2\/types\/page"}],"author":[{"embeddable":true,"href":"https:\/\/www.riotax.com\/es\/wp-json\/wp\/v2\/users\/8"}],"replies":[{"embeddable":true,"href":"https:\/\/www.riotax.com\/es\/wp-json\/wp\/v2\/comments?post=2902"}],"version-history":[{"count":1,"href":"https:\/\/www.riotax.com\/es\/wp-json\/wp\/v2\/pages\/2902\/revisions"}],"predecessor-version":[{"id":3573,"href":"https:\/\/www.riotax.com\/es\/wp-json\/wp\/v2\/pages\/2902\/revisions\/3573"}],"wp:attachment":[{"href":"https:\/\/www.riotax.com\/es\/wp-json\/wp\/v2\/media?parent=2902"}],"curies":[{"name":"wp","href":"https:\/\/api.w.org\/{rel}","templated":true}]}}