{"id":2906,"date":"2015-02-11T21:37:02","date_gmt":"2015-02-11T21:37:02","guid":{"rendered":"http:\/\/riotax.wpengine.com\/?page_id=2906"},"modified":"2016-12-21T22:29:13","modified_gmt":"2016-12-21T22:29:13","slug":"gracias","status":"publish","type":"page","link":"https:\/\/www.riotax.com\/es\/gracias","title":{"rendered":"Gracias"},"content":{"rendered":"<h1>Gracias por su presentaci\u00f3n<\/h1>\n<p>Uno de nuestros amables miembros del personal se comunicar\u00e1 con usted en breve con la respuesta a sus preguntas. Esperamos brindarle ayuda con sus impuestos sobre la propiedad. Mientras espera una respuesta puede navegar el resto del sitio para obtener m\u00e1s informaci\u00f3n acerca de nosotros o ver lo que dicen nuestros clientes acerca del servicio que prestamos. Tambi\u00e9n puede revisar nuestra p\u00e1gina de preguntas frecuentas para ver las respuestas de las preguntas comunes que muchos de nuestros clientes tienen.<script type=\"text\/javascript\">jQuery(window).load(function(){ga('send', 'event', 'Forms', 'Submitted a Form','Appliqu\u00e9 Ahora')});<\/script><\/p>\n","protected":false},"excerpt":{"rendered":"<p>Gracias por su presentaci\u00f3n Uno de nuestros amables miembros del personal se comunicar\u00e1 con usted en breve con la respuesta a sus preguntas. Esperamos brindarle ayuda con sus impuestos sobre la propiedad. Mientras espera una respuesta puede navegar el resto del sitio para obtener m\u00e1s informaci\u00f3n acerca de nosotros o ver lo que dicen nuestros [&hellip;]<\/p>\n","protected":false},"author":8,"featured_media":0,"parent":0,"menu_order":0,"comment_status":"closed","ping_status":"open","template":"","meta":{"footnotes":""},"class_list":["post-2906","page","type-page","status-publish","hentry"],"yoast_head":"<!-- This site is optimized with the Yoast SEO plugin v25.0 - https:\/\/yoast.com\/wordpress\/plugins\/seo\/ -->\n<title>Gracias por comunicarse con Rio Tax<\/title>\n<meta name=\"description\" content=\"Gracias por comunicarse con Rio Tax. Nos comunicaremos con usted en breve con la respuesta a sus preguntas.\" \/>\n<meta name=\"robots\" content=\"index, follow, max-snippet:-1, max-image-preview:large, max-video-preview:-1\" \/>\n<link rel=\"canonical\" href=\"https:\/\/www.riotax.com\/es\/gracias\" \/>\n<meta property=\"og:locale\" content=\"es_ES\" \/>\n<meta property=\"og:type\" content=\"article\" \/>\n<meta property=\"og:title\" content=\"Gracias por comunicarse con Rio Tax\" \/>\n<meta property=\"og:description\" content=\"Gracias por comunicarse con Rio Tax. Nos comunicaremos con usted en breve con la respuesta a sus preguntas.\" \/>\n<meta property=\"og:url\" content=\"https:\/\/www.riotax.com\/es\/gracias\" \/>\n<meta property=\"og:site_name\" content=\"RioTax.com\" \/>\n<meta property=\"article:modified_time\" content=\"2016-12-21T22:29:13+00:00\" \/>\n<script type=\"application\/ld+json\" class=\"yoast-schema-graph\">{\"@context\":\"https:\/\/schema.org\",\"@graph\":[{\"@type\":\"WebPage\",\"@id\":\"https:\/\/www.riotax.com\/es\/gracias\",\"url\":\"https:\/\/www.riotax.com\/es\/gracias\",\"name\":\"Gracias por comunicarse con Rio Tax\",\"isPartOf\":{\"@id\":\"https:\/\/www.riotax.com\/#website\"},\"datePublished\":\"2015-02-11T21:37:02+00:00\",\"dateModified\":\"2016-12-21T22:29:13+00:00\",\"description\":\"Gracias por comunicarse con Rio Tax. Nos comunicaremos con usted en breve con la respuesta a sus preguntas.\",\"inLanguage\":\"es\",\"potentialAction\":[{\"@type\":\"ReadAction\",\"target\":[\"https:\/\/www.riotax.com\/es\/gracias\"]}]},{\"@type\":\"WebSite\",\"@id\":\"https:\/\/www.riotax.com\/#website\",\"url\":\"https:\/\/www.riotax.com\/\",\"name\":\"RioTax.com\",\"description\":\"\",\"potentialAction\":[{\"@type\":\"SearchAction\",\"target\":{\"@type\":\"EntryPoint\",\"urlTemplate\":\"https:\/\/www.riotax.com\/?s={search_term_string}\"},\"query-input\":{\"@type\":\"PropertyValueSpecification\",\"valueRequired\":true,\"valueName\":\"search_term_string\"}}],\"inLanguage\":\"es\"}]}<\/script>\n<!-- \/ Yoast SEO plugin. -->","yoast_head_json":{"title":"Gracias por comunicarse con Rio Tax","description":"Gracias por comunicarse con Rio Tax. Nos comunicaremos con usted en breve con la respuesta a sus preguntas.","robots":{"index":"index","follow":"follow","max-snippet":"max-snippet:-1","max-image-preview":"max-image-preview:large","max-video-preview":"max-video-preview:-1"},"canonical":"https:\/\/www.riotax.com\/es\/gracias","og_locale":"es_ES","og_type":"article","og_title":"Gracias por comunicarse con Rio Tax","og_description":"Gracias por comunicarse con Rio Tax. Nos comunicaremos con usted en breve con la respuesta a sus preguntas.","og_url":"https:\/\/www.riotax.com\/es\/gracias","og_site_name":"RioTax.com","article_modified_time":"2016-12-21T22:29:13+00:00","schema":{"@context":"https:\/\/schema.org","@graph":[{"@type":"WebPage","@id":"https:\/\/www.riotax.com\/es\/gracias","url":"https:\/\/www.riotax.com\/es\/gracias","name":"Gracias por comunicarse con Rio Tax","isPartOf":{"@id":"https:\/\/www.riotax.com\/#website"},"datePublished":"2015-02-11T21:37:02+00:00","dateModified":"2016-12-21T22:29:13+00:00","description":"Gracias por comunicarse con Rio Tax. Nos comunicaremos con usted en breve con la respuesta a sus preguntas.","inLanguage":"es","potentialAction":[{"@type":"ReadAction","target":["https:\/\/www.riotax.com\/es\/gracias"]}]},{"@type":"WebSite","@id":"https:\/\/www.riotax.com\/#website","url":"https:\/\/www.riotax.com\/","name":"RioTax.com","description":"","potentialAction":[{"@type":"SearchAction","target":{"@type":"EntryPoint","urlTemplate":"https:\/\/www.riotax.com\/?s={search_term_string}"},"query-input":{"@type":"PropertyValueSpecification","valueRequired":true,"valueName":"search_term_string"}}],"inLanguage":"es"}]}},"_links":{"self":[{"href":"https:\/\/www.riotax.com\/es\/wp-json\/wp\/v2\/pages\/2906","targetHints":{"allow":["GET"]}}],"collection":[{"href":"https:\/\/www.riotax.com\/es\/wp-json\/wp\/v2\/pages"}],"about":[{"href":"https:\/\/www.riotax.com\/es\/wp-json\/wp\/v2\/types\/page"}],"author":[{"embeddable":true,"href":"https:\/\/www.riotax.com\/es\/wp-json\/wp\/v2\/users\/8"}],"replies":[{"embeddable":true,"href":"https:\/\/www.riotax.com\/es\/wp-json\/wp\/v2\/comments?post=2906"}],"version-history":[{"count":0,"href":"https:\/\/www.riotax.com\/es\/wp-json\/wp\/v2\/pages\/2906\/revisions"}],"wp:attachment":[{"href":"https:\/\/www.riotax.com\/es\/wp-json\/wp\/v2\/media?parent=2906"}],"curies":[{"name":"wp","href":"https:\/\/api.w.org\/{rel}","templated":true}]}}