{"id":2908,"date":"2015-02-11T21:37:49","date_gmt":"2015-02-11T21:37:49","guid":{"rendered":"http:\/\/riotax.wpengine.com\/?page_id=2908"},"modified":"2023-03-13T05:44:22","modified_gmt":"2023-03-13T05:44:22","slug":"el-proceso","status":"publish","type":"page","link":"https:\/\/www.riotax.com\/es\/el-proceso","title":{"rendered":"El Proceso"},"content":{"rendered":"<h1><strong>Califique para el financiamiento de impuestos sobre la propiedad en Texas<\/strong><\/h1>\n<p>Rio Tax trabaja r\u00e1pidamente para ahorrarle dinero. Pagamos todos los impuestos, las tarifas, las sanciones y los intereses tras el cierre. Tambi\u00e9n nos aseguramos de que sea orientado y est\u00e9 c\u00f3modo con respecto al proceso entero. Nuestro objetivo es asegurarnos de que no pierda su vivienda debido a la ejecuci\u00f3n hipotecaria y a que no afronte los posibles grav\u00e1menes.<\/p>\n<p>C\u00f3mo reunir los requisitos para el financiamiento:<\/p>\n<ol>\n<li><strong>Solicitud<\/strong><br \/>\nEvidentemente, el primer paso es hacer la solicitud por Internet o por tel\u00e9fono. Llame a nuestra oficina al (956) 230-6008 para completar la solicitud por tel\u00e9fono o utilice nuestro formulario por Internet.<\/li>\n<\/ol>\n<ol start=\"2\">\n<li><strong>Aprobaci\u00f3n y procesamiento<\/strong><br \/>\nRio Tax comenzar\u00e1 a procesar su cuenta tan pronto como recibamos la solicitud de manera que podamos aprobarla el mismo d\u00eda. Esto impedir\u00e1 cualquier sanci\u00f3n o inter\u00e9s posterior.<\/li>\n<\/ol>\n<ol start=\"3\">\n<li><strong>Cierre<\/strong><br \/>\nLe ayudaremos a encontrar el momento y lugar de cierre m\u00e1s conveniente que mejor se adapte a sus necesidades. Esto puede hacerse desde la comodidad de su hogar o en nuestra oficina.<\/li>\n<\/ol>\n<ol start=\"4\">\n<li><strong>Pagamos sus impuestos<\/strong><br \/>\nPagamos todo lo que usted debe directamente a la oficina tributaria detro de 4-7 d\u00edas.<\/li>\n<\/ol>\n<p>El proceso de obtener el financiamiento de impuestos sobre la propiedad es sencillo, as\u00ed que no hay ning\u00fan motivo para postergarlo. Si tiene alguna pregunta respecto a la elegibilidad y los requisitos, haga clic en el enlace de elegibilidad y revise la informaci\u00f3n que necesitaremos para procesar su solicitud.<\/p>\n","protected":false},"excerpt":{"rendered":"<p>Califique para el financiamiento de impuestos sobre la propiedad en Texas Rio Tax trabaja r\u00e1pidamente para ahorrarle dinero. Pagamos todos los impuestos, las tarifas, las sanciones y los intereses tras el cierre. Tambi\u00e9n nos aseguramos de que sea orientado y est\u00e9 c\u00f3modo con respecto al proceso entero. Nuestro objetivo es asegurarnos de que no pierda [&hellip;]<\/p>\n","protected":false},"author":8,"featured_media":0,"parent":0,"menu_order":0,"comment_status":"closed","ping_status":"open","template":"","meta":{"footnotes":""},"class_list":["post-2908","page","type-page","status-publish","hentry"],"yoast_head":"<!-- This site is optimized with the Yoast SEO plugin v25.0 - https:\/\/yoast.com\/wordpress\/plugins\/seo\/ -->\n<title>Proceso de financiamiento de impuestos sobre la propiedad de Texas | Rio Tax<\/title>\n<meta name=\"description\" content=\"Le orientamos a lo largo cada paso del proceso de pr\u00e9stamo y nos aseguramos de que comprenda la manera en que trabaja Rio Tax para pagar sus impuestos sobre la propiedad de Texas.\" \/>\n<meta name=\"robots\" content=\"index, follow, max-snippet:-1, max-image-preview:large, max-video-preview:-1\" \/>\n<link rel=\"canonical\" href=\"https:\/\/www.riotax.com\/es\/el-proceso\" \/>\n<meta property=\"og:locale\" content=\"es_ES\" \/>\n<meta property=\"og:type\" content=\"article\" \/>\n<meta property=\"og:title\" content=\"Proceso de financiamiento de impuestos sobre la propiedad de Texas | Rio Tax\" \/>\n<meta property=\"og:description\" content=\"Le orientamos a lo largo cada paso del proceso de pr\u00e9stamo y nos aseguramos de que comprenda la manera en que trabaja Rio Tax para pagar sus impuestos sobre la propiedad de Texas.\" \/>\n<meta property=\"og:url\" content=\"https:\/\/www.riotax.com\/es\/el-proceso\" \/>\n<meta property=\"og:site_name\" content=\"RioTax.com\" \/>\n<meta property=\"article:modified_time\" content=\"2023-03-13T05:44:22+00:00\" \/>\n<meta name=\"twitter:label1\" content=\"Tiempo de lectura\" \/>\n\t<meta name=\"twitter:data1\" content=\"2 minutos\" \/>\n<script type=\"application\/ld+json\" class=\"yoast-schema-graph\">{\"@context\":\"https:\/\/schema.org\",\"@graph\":[{\"@type\":\"WebPage\",\"@id\":\"https:\/\/www.riotax.com\/es\/el-proceso\",\"url\":\"https:\/\/www.riotax.com\/es\/el-proceso\",\"name\":\"Proceso de financiamiento de impuestos sobre la propiedad de Texas | Rio Tax\",\"isPartOf\":{\"@id\":\"https:\/\/www.riotax.com\/#website\"},\"datePublished\":\"2015-02-11T21:37:49+00:00\",\"dateModified\":\"2023-03-13T05:44:22+00:00\",\"description\":\"Le orientamos a lo largo cada paso del proceso de pr\u00e9stamo y nos aseguramos de que comprenda la manera en que trabaja Rio Tax para pagar sus impuestos sobre la propiedad de Texas.\",\"inLanguage\":\"es\",\"potentialAction\":[{\"@type\":\"ReadAction\",\"target\":[\"https:\/\/www.riotax.com\/es\/el-proceso\"]}]},{\"@type\":\"WebSite\",\"@id\":\"https:\/\/www.riotax.com\/#website\",\"url\":\"https:\/\/www.riotax.com\/\",\"name\":\"RioTax.com\",\"description\":\"\",\"potentialAction\":[{\"@type\":\"SearchAction\",\"target\":{\"@type\":\"EntryPoint\",\"urlTemplate\":\"https:\/\/www.riotax.com\/?s={search_term_string}\"},\"query-input\":{\"@type\":\"PropertyValueSpecification\",\"valueRequired\":true,\"valueName\":\"search_term_string\"}}],\"inLanguage\":\"es\"}]}<\/script>\n<!-- \/ Yoast SEO plugin. -->","yoast_head_json":{"title":"Proceso de financiamiento de impuestos sobre la propiedad de Texas | Rio Tax","description":"Le orientamos a lo largo cada paso del proceso de pr\u00e9stamo y nos aseguramos de que comprenda la manera en que trabaja Rio Tax para pagar sus impuestos sobre la propiedad de Texas.","robots":{"index":"index","follow":"follow","max-snippet":"max-snippet:-1","max-image-preview":"max-image-preview:large","max-video-preview":"max-video-preview:-1"},"canonical":"https:\/\/www.riotax.com\/es\/el-proceso","og_locale":"es_ES","og_type":"article","og_title":"Proceso de financiamiento de impuestos sobre la propiedad de Texas | Rio Tax","og_description":"Le orientamos a lo largo cada paso del proceso de pr\u00e9stamo y nos aseguramos de que comprenda la manera en que trabaja Rio Tax para pagar sus impuestos sobre la propiedad de Texas.","og_url":"https:\/\/www.riotax.com\/es\/el-proceso","og_site_name":"RioTax.com","article_modified_time":"2023-03-13T05:44:22+00:00","twitter_misc":{"Tiempo de lectura":"2 minutos"},"schema":{"@context":"https:\/\/schema.org","@graph":[{"@type":"WebPage","@id":"https:\/\/www.riotax.com\/es\/el-proceso","url":"https:\/\/www.riotax.com\/es\/el-proceso","name":"Proceso de financiamiento de impuestos sobre la propiedad de Texas | Rio Tax","isPartOf":{"@id":"https:\/\/www.riotax.com\/#website"},"datePublished":"2015-02-11T21:37:49+00:00","dateModified":"2023-03-13T05:44:22+00:00","description":"Le orientamos a lo largo cada paso del proceso de pr\u00e9stamo y nos aseguramos de que comprenda la manera en que trabaja Rio Tax para pagar sus impuestos sobre la propiedad de Texas.","inLanguage":"es","potentialAction":[{"@type":"ReadAction","target":["https:\/\/www.riotax.com\/es\/el-proceso"]}]},{"@type":"WebSite","@id":"https:\/\/www.riotax.com\/#website","url":"https:\/\/www.riotax.com\/","name":"RioTax.com","description":"","potentialAction":[{"@type":"SearchAction","target":{"@type":"EntryPoint","urlTemplate":"https:\/\/www.riotax.com\/?s={search_term_string}"},"query-input":{"@type":"PropertyValueSpecification","valueRequired":true,"valueName":"search_term_string"}}],"inLanguage":"es"}]}},"_links":{"self":[{"href":"https:\/\/www.riotax.com\/es\/wp-json\/wp\/v2\/pages\/2908","targetHints":{"allow":["GET"]}}],"collection":[{"href":"https:\/\/www.riotax.com\/es\/wp-json\/wp\/v2\/pages"}],"about":[{"href":"https:\/\/www.riotax.com\/es\/wp-json\/wp\/v2\/types\/page"}],"author":[{"embeddable":true,"href":"https:\/\/www.riotax.com\/es\/wp-json\/wp\/v2\/users\/8"}],"replies":[{"embeddable":true,"href":"https:\/\/www.riotax.com\/es\/wp-json\/wp\/v2\/comments?post=2908"}],"version-history":[{"count":2,"href":"https:\/\/www.riotax.com\/es\/wp-json\/wp\/v2\/pages\/2908\/revisions"}],"predecessor-version":[{"id":3598,"href":"https:\/\/www.riotax.com\/es\/wp-json\/wp\/v2\/pages\/2908\/revisions\/3598"}],"wp:attachment":[{"href":"https:\/\/www.riotax.com\/es\/wp-json\/wp\/v2\/media?parent=2908"}],"curies":[{"name":"wp","href":"https:\/\/api.w.org\/{rel}","templated":true}]}}