{"id":3580,"date":"2013-01-10T16:42:49","date_gmt":"2013-01-10T16:42:49","guid":{"rendered":"https:\/\/www.riotax.com\/cameron-county-tx-property-tax-loan-finance"},"modified":"2023-01-18T22:48:51","modified_gmt":"2023-01-18T22:48:51","slug":"cameron-county-tx-property-tax-loan-finance","status":"publish","type":"page","link":"https:\/\/www.riotax.com\/es\/cameron-county-tx-property-tax-loan-finance","title":{"rendered":"Cameron County TX Property Tax Lenders"},"content":{"rendered":"<h1>Pr\u00e9stamos de impuestos a la propiedad del condado de Cameron<\/h1>\n<p>Sabemos que es f\u00e1cil atrasarse en sus impuestos a la propiedad de Texas. Para muchos de nosotros, estamos tan ocupados gan\u00e1ndonos la vida que cuando nos llega la factura de impuestos, no hay fondos suficientes para pagar una suma tan grande. Si se encuentra en la terrible posici\u00f3n de estar atrasado en sus impuestos a la propiedad en Texas, hay una alternativa.<\/p>\n<h3>Acerca del Condado de Cameron, TX<\/h3>\n<p>El condado de Cameron, el condado m\u00e1s al sur de Texas, tiene una poblaci\u00f3n de m\u00e1s de 400,000 residentes. El condado fue fundado en 1848, y Brownsville fue nombrada la sede del condado. Nombrado en honor al capit\u00e1n Ewen Cameron, el condado de Cameron abarca ocho ciudades y nueve pueblos junto con muchos lugares designados por el censo.<\/p>\n<p>Hoy en d\u00eda, este condado amigable prospera con excelentes distritos escolares.<\/p>\n<p><strong>Rio Tax es su soluci\u00f3n de pr\u00e9stamo de impuestos a la propiedad del condado de Cameron<\/strong><\/p>\n<p>Rio Tax entiende que cada cliente tiene circunstancias \u00fanicas, por lo que comprometemos nuestro profesionalismo inigualable para ayudar a los propietarios de viviendas, inversionistas de bienes ra\u00edces y empresas de Texas a pagar sus impuestos a la propiedad. El toque personal que ofrecemos en todos nuestros servicios financieros es inigualable, pero se enfatiza especialmente con nuestros servicios de pr\u00e9stamos de impuestos a la propiedad.<\/p>\n<h3>Pr\u00e9stamos de impuestos a la propiedad residencial y comercial en el condado de Cameron, TX<\/h3>\n<p>Las multas por impuestos a la propiedad no pagadas son costosas, superando el 47% solo en el primer a\u00f1o. Si se ha atrasado en los impuestos a la propiedad para su hogar o negocio y necesita ayuda inmediata, ha venido al lugar correcto. Somos la compa\u00f1\u00eda de pr\u00e9stamos de impuestos a la propiedad m\u00e1s grande de Texas que opera en todo el estado de Texas para propiedades residenciales y comerciales. Trabajamos con la oficina del asesor de impuestos del condado para para hacer pr\u00e9stamos de impuestos a la propiedad para impuestos residenciales y comerciales vencidos.<\/p>\n<h3>\u00bfPor qu\u00e9 elegir Rio Tax?<\/h3>\n<ul>\n<li><strong>Rio Tax superar\u00e1 los precios de cualquier competidor<\/strong><\/li>\n<li><strong>Rio Tax es miembro del Better Business Bureau y de la Texas Property Tax Lenders Association<\/strong><\/li>\n<li><strong>Sin costo inicial o enganche<\/strong><\/li>\n<li><strong>Sin tarifa de solicitud<\/strong><\/li>\n<li><strong>Sin penalizaci\u00f3n por pago anticipado<\/strong><\/li>\n<li><strong>Toda la transacci\u00f3n se completa a pocos d\u00edas de la solicitud inicial<\/strong><\/li>\n<\/ul>\n","protected":false},"excerpt":{"rendered":"<p>Pr\u00e9stamos de impuestos a la propiedad del condado de Cameron Sabemos que es f\u00e1cil atrasarse en sus impuestos a la propiedad de Texas. Para muchos de nosotros, estamos tan ocupados gan\u00e1ndonos la vida que cuando nos llega la factura de impuestos, no hay fondos suficientes para pagar una suma tan grande. Si se encuentra en [&hellip;]<\/p>\n","protected":false},"author":8,"featured_media":0,"parent":0,"menu_order":0,"comment_status":"closed","ping_status":"open","template":"","meta":{"footnotes":""},"class_list":["post-3580","page","type-page","status-publish","hentry"],"yoast_head":"<!-- This site is optimized with the Yoast SEO plugin v25.0 - https:\/\/yoast.com\/wordpress\/plugins\/seo\/ -->\n<title>Cameron County TX Property Tax Loans | Rio Tax<\/title>\n<meta name=\"description\" content=\"Rio Tax is proud to offer property tax financing to residents in Cameron County, Texas so they can avoid penalties, lump sums and fees.\" \/>\n<meta name=\"robots\" content=\"index, follow, max-snippet:-1, max-image-preview:large, max-video-preview:-1\" \/>\n<link rel=\"canonical\" href=\"https:\/\/www.riotax.com\/es\/cameron-county-tx-property-tax-loan-finance\" \/>\n<meta property=\"og:locale\" content=\"es_ES\" \/>\n<meta property=\"og:type\" content=\"article\" \/>\n<meta property=\"og:title\" content=\"Cameron County TX Property Tax Loans | Rio Tax\" \/>\n<meta property=\"og:description\" content=\"Rio Tax is proud to offer property tax financing to residents in Cameron County, Texas so they can avoid penalties, lump sums and fees.\" \/>\n<meta property=\"og:url\" content=\"https:\/\/www.riotax.com\/es\/cameron-county-tx-property-tax-loan-finance\" \/>\n<meta property=\"og:site_name\" content=\"RioTax.com\" \/>\n<meta property=\"article:modified_time\" content=\"2023-01-18T22:48:51+00:00\" \/>\n<meta name=\"twitter:label1\" content=\"Tiempo de lectura\" \/>\n\t<meta name=\"twitter:data1\" content=\"2 minutos\" \/>\n<script type=\"application\/ld+json\" class=\"yoast-schema-graph\">{\"@context\":\"https:\/\/schema.org\",\"@graph\":[{\"@type\":\"WebPage\",\"@id\":\"https:\/\/www.riotax.com\/es\/cameron-county-tx-property-tax-loan-finance\",\"url\":\"https:\/\/www.riotax.com\/es\/cameron-county-tx-property-tax-loan-finance\",\"name\":\"Cameron County TX Property Tax Loans | Rio Tax\",\"isPartOf\":{\"@id\":\"https:\/\/www.riotax.com\/#website\"},\"datePublished\":\"2013-01-10T16:42:49+00:00\",\"dateModified\":\"2023-01-18T22:48:51+00:00\",\"description\":\"Rio Tax is proud to offer property tax financing to residents in Cameron County, Texas so they can avoid penalties, lump sums and fees.\",\"inLanguage\":\"es\",\"potentialAction\":[{\"@type\":\"ReadAction\",\"target\":[\"https:\/\/www.riotax.com\/es\/cameron-county-tx-property-tax-loan-finance\"]}]},{\"@type\":\"WebSite\",\"@id\":\"https:\/\/www.riotax.com\/#website\",\"url\":\"https:\/\/www.riotax.com\/\",\"name\":\"RioTax.com\",\"description\":\"\",\"potentialAction\":[{\"@type\":\"SearchAction\",\"target\":{\"@type\":\"EntryPoint\",\"urlTemplate\":\"https:\/\/www.riotax.com\/?s={search_term_string}\"},\"query-input\":{\"@type\":\"PropertyValueSpecification\",\"valueRequired\":true,\"valueName\":\"search_term_string\"}}],\"inLanguage\":\"es\"}]}<\/script>\n<!-- \/ Yoast SEO plugin. -->","yoast_head_json":{"title":"Cameron County TX Property Tax Loans | Rio Tax","description":"Rio Tax is proud to offer property tax financing to residents in Cameron County, Texas so they can avoid penalties, lump sums and fees.","robots":{"index":"index","follow":"follow","max-snippet":"max-snippet:-1","max-image-preview":"max-image-preview:large","max-video-preview":"max-video-preview:-1"},"canonical":"https:\/\/www.riotax.com\/es\/cameron-county-tx-property-tax-loan-finance","og_locale":"es_ES","og_type":"article","og_title":"Cameron County TX Property Tax Loans | Rio Tax","og_description":"Rio Tax is proud to offer property tax financing to residents in Cameron County, Texas so they can avoid penalties, lump sums and fees.","og_url":"https:\/\/www.riotax.com\/es\/cameron-county-tx-property-tax-loan-finance","og_site_name":"RioTax.com","article_modified_time":"2023-01-18T22:48:51+00:00","twitter_misc":{"Tiempo de lectura":"2 minutos"},"schema":{"@context":"https:\/\/schema.org","@graph":[{"@type":"WebPage","@id":"https:\/\/www.riotax.com\/es\/cameron-county-tx-property-tax-loan-finance","url":"https:\/\/www.riotax.com\/es\/cameron-county-tx-property-tax-loan-finance","name":"Cameron County TX Property Tax Loans | Rio Tax","isPartOf":{"@id":"https:\/\/www.riotax.com\/#website"},"datePublished":"2013-01-10T16:42:49+00:00","dateModified":"2023-01-18T22:48:51+00:00","description":"Rio Tax is proud to offer property tax financing to residents in Cameron County, Texas so they can avoid penalties, lump sums and fees.","inLanguage":"es","potentialAction":[{"@type":"ReadAction","target":["https:\/\/www.riotax.com\/es\/cameron-county-tx-property-tax-loan-finance"]}]},{"@type":"WebSite","@id":"https:\/\/www.riotax.com\/#website","url":"https:\/\/www.riotax.com\/","name":"RioTax.com","description":"","potentialAction":[{"@type":"SearchAction","target":{"@type":"EntryPoint","urlTemplate":"https:\/\/www.riotax.com\/?s={search_term_string}"},"query-input":{"@type":"PropertyValueSpecification","valueRequired":true,"valueName":"search_term_string"}}],"inLanguage":"es"}]}},"_links":{"self":[{"href":"https:\/\/www.riotax.com\/es\/wp-json\/wp\/v2\/pages\/3580","targetHints":{"allow":["GET"]}}],"collection":[{"href":"https:\/\/www.riotax.com\/es\/wp-json\/wp\/v2\/pages"}],"about":[{"href":"https:\/\/www.riotax.com\/es\/wp-json\/wp\/v2\/types\/page"}],"author":[{"embeddable":true,"href":"https:\/\/www.riotax.com\/es\/wp-json\/wp\/v2\/users\/8"}],"replies":[{"embeddable":true,"href":"https:\/\/www.riotax.com\/es\/wp-json\/wp\/v2\/comments?post=3580"}],"version-history":[{"count":1,"href":"https:\/\/www.riotax.com\/es\/wp-json\/wp\/v2\/pages\/3580\/revisions"}],"predecessor-version":[{"id":3582,"href":"https:\/\/www.riotax.com\/es\/wp-json\/wp\/v2\/pages\/3580\/revisions\/3582"}],"wp:attachment":[{"href":"https:\/\/www.riotax.com\/es\/wp-json\/wp\/v2\/media?parent=3580"}],"curies":[{"name":"wp","href":"https:\/\/api.w.org\/{rel}","templated":true}]}}